{"id":670,"date":"2023-03-09T08:57:21","date_gmt":"2023-03-09T08:57:21","guid":{"rendered":"https:\/\/digitalefqm.com\/?page_id=670"},"modified":"2025-01-10T08:29:04","modified_gmt":"2025-01-10T08:29:04","slug":"assessbase-cs","status":"publish","type":"page","link":"https:\/\/digitalefqm.com\/cs\/","title":{"rendered":"Assessbase CS"},"content":{"rendered":"","protected":false},"excerpt":{"rendered":"","protected":false},"author":1,"featured_media":0,"parent":0,"menu_order":0,"comment_status":"closed","ping_status":"closed","template":"","meta":{"_acf_changed":false,"footnotes":""},"class_list":["post-670","page","type-page","status-publish","hentry"],"acf":{"components":[{"acf_fc_layout":"hero","title":"Benchmark, improve then dig a little deeper...","headline":"Drive the performance of your organisation","description":"","background":{"ID":381,"id":381,"title":"","filename":"assessbase-hero.webp","filesize":247058,"url":"https:\/\/digitalefqm.com\/wp-content\/uploads\/2023\/03\/assessbase-hero.webp","link":"https:\/\/digitalefqm.com\/cs\/assessbase-cs\/assessbase-hero-2\/","alt":"","author":"1","description":"","caption":"","name":"assessbase-hero-2","status":"inherit","uploaded_to":670,"date":"2023-03-09 09:02:38","modified":"2023-03-20 09:06:40","menu_order":0,"mime_type":"image\/webp","type":"image","subtype":"webp","icon":"https:\/\/digitalefqm.com\/wp-includes\/images\/media\/default.png","width":1920,"height":2219,"sizes":{"thumbnail":"https:\/\/digitalefqm.com\/wp-content\/uploads\/2023\/03\/assessbase-hero-150x150.webp","thumbnail-width":150,"thumbnail-height":150,"medium":"https:\/\/digitalefqm.com\/wp-content\/uploads\/2023\/03\/assessbase-hero-260x300.webp","medium-width":260,"medium-height":300,"medium_large":"https:\/\/digitalefqm.com\/wp-content\/uploads\/2023\/03\/assessbase-hero-768x888.webp","medium_large-width":640,"medium_large-height":740,"large":"https:\/\/digitalefqm.com\/wp-content\/uploads\/2023\/03\/assessbase-hero-886x1024.webp","large-width":640,"large-height":740,"1536x1536":"https:\/\/digitalefqm.com\/wp-content\/uploads\/2023\/03\/assessbase-hero-1329x1536.webp","1536x1536-width":1329,"1536x1536-height":1536,"2048x2048":"https:\/\/digitalefqm.com\/wp-content\/uploads\/2023\/03\/assessbase-hero-1772x2048.webp","2048x2048-width":1772,"2048x2048-height":2048}}},{"acf_fc_layout":"text","content":"<p>AssessBase can help any organisation measure, track and improve performance in the areas they are most interested in.<\/p>\n<p>From start-ups looking to engineer fast growth, through to successful businesses dealing with a crisis, or multinationals keen to adopt a sustainability culture, AssessBase can help.<\/p>\n","image":{"ID":395,"id":395,"title":"","filename":"assesbase-laptop-view.png","filesize":254812,"url":"https:\/\/digitalefqm.com\/wp-content\/uploads\/2023\/03\/assesbase-laptop-view.png","link":"https:\/\/digitalefqm.com\/cs\/assessbase-cs\/assesbase-laptop-view-2\/","alt":"","author":"1","description":"","caption":"","name":"assesbase-laptop-view-2","status":"inherit","uploaded_to":670,"date":"2023-03-09 11:53:28","modified":"2023-07-27 08:22:05","menu_order":0,"mime_type":"image\/png","type":"image","subtype":"png","icon":"https:\/\/digitalefqm.com\/wp-includes\/images\/media\/default.png","width":1280,"height":644,"sizes":{"thumbnail":"https:\/\/digitalefqm.com\/wp-content\/uploads\/2023\/03\/assesbase-laptop-view-150x150.png","thumbnail-width":150,"thumbnail-height":150,"medium":"https:\/\/digitalefqm.com\/wp-content\/uploads\/2023\/03\/assesbase-laptop-view-300x151.png","medium-width":300,"medium-height":151,"medium_large":"https:\/\/digitalefqm.com\/wp-content\/uploads\/2023\/03\/assesbase-laptop-view-768x386.png","medium_large-width":640,"medium_large-height":322,"large":"https:\/\/digitalefqm.com\/wp-content\/uploads\/2023\/03\/assesbase-laptop-view-1024x515.png","large-width":640,"large-height":322,"1536x1536":"https:\/\/digitalefqm.com\/wp-content\/uploads\/2023\/03\/assesbase-laptop-view.png","1536x1536-width":1280,"1536x1536-height":644,"2048x2048":"https:\/\/digitalefqm.com\/wp-content\/uploads\/2023\/03\/assesbase-laptop-view.png","2048x2048-width":1280,"2048x2048-height":644}},"center_content":false,"content_color":"#048cd7","swap":false,"cta":null},{"acf_fc_layout":"boxes","title":"Your diagnostic on the efqm model 2025","grid":[{"grid_item":{"image":{"ID":430,"id":430,"title":"","filename":"Group-3585.jpg","filesize":30589,"url":"https:\/\/digitalefqm.com\/wp-content\/uploads\/2023\/03\/Group-3585.jpg","link":"https:\/\/digitalefqm.com\/cs\/assessbase-cs\/group-3585-2\/","alt":"","author":"1","description":"","caption":"","name":"group-3585-2","status":"inherit","uploaded_to":670,"date":"2023-03-10 12:05:51","modified":"2023-04-25 07:54:17","menu_order":0,"mime_type":"image\/jpeg","type":"image","subtype":"jpeg","icon":"https:\/\/digitalefqm.com\/wp-includes\/images\/media\/default.png","width":412,"height":232,"sizes":{"thumbnail":"https:\/\/digitalefqm.com\/wp-content\/uploads\/2023\/03\/Group-3585-150x150.jpg","thumbnail-width":150,"thumbnail-height":150,"medium":"https:\/\/digitalefqm.com\/wp-content\/uploads\/2023\/03\/Group-3585-300x169.jpg","medium-width":300,"medium-height":169,"medium_large":"https:\/\/digitalefqm.com\/wp-content\/uploads\/2023\/03\/Group-3585.jpg","medium_large-width":412,"medium_large-height":232,"large":"https:\/\/digitalefqm.com\/wp-content\/uploads\/2023\/03\/Group-3585.jpg","large-width":412,"large-height":232,"1536x1536":"https:\/\/digitalefqm.com\/wp-content\/uploads\/2023\/03\/Group-3585.jpg","1536x1536-width":412,"1536x1536-height":232,"2048x2048":"https:\/\/digitalefqm.com\/wp-content\/uploads\/2023\/03\/Group-3585.jpg","2048x2048-width":412,"2048x2048-height":232}},"title":"Dotazn\u00edk 2025","copy":"\"Ochutn\u00e1vka\" hodnocen\u00ed pomoc\u00ed jednoduch\u00e9ho dotazn\u00edku pom\u00e1h\u00e1 \u201ezv\u011bdav\u00fdm \/ m\u00e9n\u011b vysp\u011bl\u00fdm\u201c organizac\u00edm identifikovat jejich aktu\u00e1ln\u00ed pozici a ur\u010dit potenci\u00e1ln\u00ed p\u0159\u00edle\u017eitosti ke zlep\u0161ov\u00e1n\u00ed.","cta":{"title":"V\u00edce","url":"https:\/\/digitalefqm.com\/find-out-more-questionnaire\/","target":"_blank"},"cta_1":{"title":"Start a Questionnaire","url":"https:\/\/assessbase-v2.digitalefqm.com\/assessment\/qa-rapid-organisation-diagnostic-2025","target":""}}},{"grid_item":{"image":{"ID":437,"id":437,"title":"","filename":"Group-3586.jpg","filesize":28556,"url":"https:\/\/digitalefqm.com\/wp-content\/uploads\/2023\/03\/Group-3586.jpg","link":"https:\/\/digitalefqm.com\/cs\/assessbase-cs\/group-3586-2\/","alt":"","author":"1","description":"","caption":"","name":"group-3586-2","status":"inherit","uploaded_to":670,"date":"2023-03-10 12:06:51","modified":"2023-03-20 09:06:40","menu_order":0,"mime_type":"image\/jpeg","type":"image","subtype":"jpeg","icon":"https:\/\/digitalefqm.com\/wp-includes\/images\/media\/default.png","width":412,"height":232,"sizes":{"thumbnail":"https:\/\/digitalefqm.com\/wp-content\/uploads\/2023\/03\/Group-3586-150x150.jpg","thumbnail-width":150,"thumbnail-height":150,"medium":"https:\/\/digitalefqm.com\/wp-content\/uploads\/2023\/03\/Group-3586-300x169.jpg","medium-width":300,"medium-height":169,"medium_large":"https:\/\/digitalefqm.com\/wp-content\/uploads\/2023\/03\/Group-3586.jpg","medium_large-width":412,"medium_large-height":232,"large":"https:\/\/digitalefqm.com\/wp-content\/uploads\/2023\/03\/Group-3586.jpg","large-width":412,"large-height":232,"1536x1536":"https:\/\/digitalefqm.com\/wp-content\/uploads\/2023\/03\/Group-3586.jpg","1536x1536-width":412,"1536x1536-height":232,"2048x2048":"https:\/\/digitalefqm.com\/wp-content\/uploads\/2023\/03\/Group-3586.jpg","2048x2048-width":412,"2048x2048-height":232}},"title":"Organisation Diagnostic 2025","copy":"Tento n\u00e1stroj umo\u017e\u0148uje prov\u00e9st podrobn\u011bj\u0161\u00ed hodnocen\u00ed v\u0161ech krit\u00e9ri\u00ed Modelu EFQM a bodov\u00e9 hodnocen\u00ed na \u00farovni prvk\u016f logiky RADAR. Prost\u0159ednictv\u00edm tohoto n\u00e1stroje organizace z\u00edsk\u00e1 detailn\u011bj\u0161\u00ed p\u0159ehled o sv\u00e9 v\u00fdkonnosti.","cta":{"title":"V\u00edce","url":"https:\/\/digitalefqm.com\/find-out-more-bm\/","target":"_blank"},"cta_1":{"title":"Start a Business Matrix","url":"https:\/\/assessbase-v2.digitalefqm.com\/assessment\/organisation-diagnostic-2025","target":""}}},{"grid_item":{"image":{"ID":444,"id":444,"title":"","filename":"Group-3587.jpg","filesize":30162,"url":"https:\/\/digitalefqm.com\/wp-content\/uploads\/2023\/03\/Group-3587.jpg","link":"https:\/\/digitalefqm.com\/cs\/assessbase-cs\/group-3587-2\/","alt":"","author":"1","description":"","caption":"","name":"group-3587-2","status":"inherit","uploaded_to":670,"date":"2023-03-10 12:08:00","modified":"2023-03-20 09:06:40","menu_order":0,"mime_type":"image\/jpeg","type":"image","subtype":"jpeg","icon":"https:\/\/digitalefqm.com\/wp-includes\/images\/media\/default.png","width":412,"height":232,"sizes":{"thumbnail":"https:\/\/digitalefqm.com\/wp-content\/uploads\/2023\/03\/Group-3587-150x150.jpg","thumbnail-width":150,"thumbnail-height":150,"medium":"https:\/\/digitalefqm.com\/wp-content\/uploads\/2023\/03\/Group-3587-300x169.jpg","medium-width":300,"medium-height":169,"medium_large":"https:\/\/digitalefqm.com\/wp-content\/uploads\/2023\/03\/Group-3587.jpg","medium_large-width":412,"medium_large-height":232,"large":"https:\/\/digitalefqm.com\/wp-content\/uploads\/2023\/03\/Group-3587.jpg","large-width":412,"large-height":232,"1536x1536":"https:\/\/digitalefqm.com\/wp-content\/uploads\/2023\/03\/Group-3587.jpg","1536x1536-width":412,"1536x1536-height":232,"2048x2048":"https:\/\/digitalefqm.com\/wp-content\/uploads\/2023\/03\/Group-3587.jpg","2048x2048-width":412,"2048x2048-height":232}},"title":"Advanced Organisation Diagnostic 2025","copy":"Tento n\u00e1stroj umo\u017e\u0148uje prov\u00e9st komplexn\u00ed hodnocen\u00ed na \u00farovni subkrit\u00e9ri\u00ed Modelu EFQM s vyu\u017eit\u00edm pomocn\u00fdch bod\u016f a bodov\u00e9 hodnocen\u00ed zohled\u0148uj\u00edc\u00ed v\u0161echny atributy logiky RADAR. Prost\u0159ednictv\u00edm tohoto n\u00e1stroje organizace z\u00edsk\u00e1 detailn\u00ed p\u0159ehled o sv\u00e9 v\u00fdkonnosti a identifikuje, v jak\u00fdch oblastech aktu\u00e1ln\u011b exceluje a kde m\u00e1 p\u0159\u00edle\u017eitosti k dal\u0161\u00edmu zlep\u0161ov\u00e1n\u00ed.","cta":{"title":"V\u00edce","url":"https:\/\/digitalefqm.com\/find-out-more-bma\/","target":"_blank"},"cta_1":{"title":"Start a Business Matrix Advanced","url":"https:\/\/assessbase-v2.digitalefqm.com\/assessment\/advanced-organisation-diagnostic-2025","target":""}}}]},{"acf_fc_layout":"banner","content":{"title":"","description":"","cta":null},"author":{"position":"","name":"","avatar":false},"full_width":false,"no_full_width":[{"title":"TRY THE FREE QUESTIONNAIRE","cta":{"title":"Click here","url":"https:\/\/assessbase-v2.digitalefqm.com\/assessment\/rapid-organisation-diagnostic-2025\/ ","target":"_blank"},"background":{"ID":444,"id":444,"title":"","filename":"Group-3587.jpg","filesize":30162,"url":"https:\/\/digitalefqm.com\/wp-content\/uploads\/2023\/03\/Group-3587.jpg","link":"https:\/\/digitalefqm.com\/cs\/assessbase-cs\/group-3587-2\/","alt":"","author":"1","description":"","caption":"","name":"group-3587-2","status":"inherit","uploaded_to":670,"date":"2023-03-10 12:08:00","modified":"2023-03-20 09:06:40","menu_order":0,"mime_type":"image\/jpeg","type":"image","subtype":"jpeg","icon":"https:\/\/digitalefqm.com\/wp-includes\/images\/media\/default.png","width":412,"height":232,"sizes":{"thumbnail":"https:\/\/digitalefqm.com\/wp-content\/uploads\/2023\/03\/Group-3587-150x150.jpg","thumbnail-width":150,"thumbnail-height":150,"medium":"https:\/\/digitalefqm.com\/wp-content\/uploads\/2023\/03\/Group-3587-300x169.jpg","medium-width":300,"medium-height":169,"medium_large":"https:\/\/digitalefqm.com\/wp-content\/uploads\/2023\/03\/Group-3587.jpg","medium_large-width":412,"medium_large-height":232,"large":"https:\/\/digitalefqm.com\/wp-content\/uploads\/2023\/03\/Group-3587.jpg","large-width":412,"large-height":232,"1536x1536":"https:\/\/digitalefqm.com\/wp-content\/uploads\/2023\/03\/Group-3587.jpg","1536x1536-width":412,"1536x1536-height":232,"2048x2048":"https:\/\/digitalefqm.com\/wp-content\/uploads\/2023\/03\/Group-3587.jpg","2048x2048-width":412,"2048x2048-height":232}}},{"title":"BOOK YOUR DEMO","cta":{"title":"Contact Us","url":"https:\/\/efqm.org\/contact\/","target":"_blank"},"background":{"ID":444,"id":444,"title":"","filename":"Group-3587.jpg","filesize":30162,"url":"https:\/\/digitalefqm.com\/wp-content\/uploads\/2023\/03\/Group-3587.jpg","link":"https:\/\/digitalefqm.com\/cs\/assessbase-cs\/group-3587-2\/","alt":"","author":"1","description":"","caption":"","name":"group-3587-2","status":"inherit","uploaded_to":670,"date":"2023-03-10 12:08:00","modified":"2023-03-20 09:06:40","menu_order":0,"mime_type":"image\/jpeg","type":"image","subtype":"jpeg","icon":"https:\/\/digitalefqm.com\/wp-includes\/images\/media\/default.png","width":412,"height":232,"sizes":{"thumbnail":"https:\/\/digitalefqm.com\/wp-content\/uploads\/2023\/03\/Group-3587-150x150.jpg","thumbnail-width":150,"thumbnail-height":150,"medium":"https:\/\/digitalefqm.com\/wp-content\/uploads\/2023\/03\/Group-3587-300x169.jpg","medium-width":300,"medium-height":169,"medium_large":"https:\/\/digitalefqm.com\/wp-content\/uploads\/2023\/03\/Group-3587.jpg","medium_large-width":412,"medium_large-height":232,"large":"https:\/\/digitalefqm.com\/wp-content\/uploads\/2023\/03\/Group-3587.jpg","large-width":412,"large-height":232,"1536x1536":"https:\/\/digitalefqm.com\/wp-content\/uploads\/2023\/03\/Group-3587.jpg","1536x1536-width":412,"1536x1536-height":232,"2048x2048":"https:\/\/digitalefqm.com\/wp-content\/uploads\/2023\/03\/Group-3587.jpg","2048x2048-width":412,"2048x2048-height":232}}}]},{"acf_fc_layout":"text","content":"<p>Additional diagnostic tools are available to help organisations focus on specific areas of improvements, such as innovation, Circular Economy, Net Zero, the UN SDG, \u2026<\/p>\n","image":false,"center_content":true,"content_color":"#048cd7","swap":false,"cta":null},{"acf_fc_layout":"lens_series","title":"Your diagnostic on sustainability","lens_series":[{"ID":569,"post_author":"1","post_date":"2023-03-09 12:23:44","post_date_gmt":"2023-03-09 12:23:44","post_content":"","post_title":"Cirkul\u00e1rn\u00ed ekonomika","post_excerpt":"","post_status":"publish","comment_status":"closed","ping_status":"closed","post_password":"","post_name":"circular-economy","to_ping":"","pinged":"","post_modified":"2025-01-15 15:35:09","post_modified_gmt":"2025-01-15 15:35:09","post_content_filtered":"","post_parent":0,"guid":"https:\/\/digitalefqm.com\/?post_type=lens&#038;p=569","menu_order":0,"post_type":"lens","post_mime_type":"","comment_count":"0","filter":"raw"},{"ID":584,"post_author":"1","post_date":"2023-03-09 14:03:20","post_date_gmt":"2023-03-09 14:03:20","post_content":"","post_title":"C\u00edle udr\u017eiteln\u00e9ho rozvoje OSN","post_excerpt":"","post_status":"publish","comment_status":"closed","ping_status":"closed","post_password":"","post_name":"un-sustainable-development-goals","to_ping":"","pinged":"","post_modified":"2025-01-15 15:31:11","post_modified_gmt":"2025-01-15 15:31:11","post_content_filtered":"","post_parent":0,"guid":"https:\/\/digitalefqm.com\/?post_type=lens&#038;p=584","menu_order":0,"post_type":"lens","post_mime_type":"","comment_count":"0","filter":"raw"},{"ID":596,"post_author":"1","post_date":"2023-03-14 12:03:45","post_date_gmt":"2023-03-14 12:03:45","post_content":"","post_title":"Net zero","post_excerpt":"","post_status":"publish","comment_status":"closed","ping_status":"closed","post_password":"","post_name":"net-zero","to_ping":"","pinged":"","post_modified":"2025-01-15 15:25:27","post_modified_gmt":"2025-01-15 15:25:27","post_content_filtered":"","post_parent":0,"guid":"https:\/\/digitalefqm.com\/?post_type=lens&#038;p=596","menu_order":0,"post_type":"lens","post_mime_type":"","comment_count":"0","filter":"raw"},{"ID":1044,"post_author":"1","post_date":"2023-04-03 08:59:38","post_date_gmt":"2023-04-03 08:59:38","post_content":"","post_title":"Environmental Sustainability Lens","post_excerpt":"","post_status":"publish","comment_status":"closed","ping_status":"closed","post_password":"","post_name":"environmental-sustainability-lens","to_ping":"","pinged":"","post_modified":"2025-01-15 14:53:57","post_modified_gmt":"2025-01-15 14:53:57","post_content_filtered":"","post_parent":0,"guid":"https:\/\/digitalefqm.com\/?post_type=lens&#038;p=1044","menu_order":0,"post_type":"lens","post_mime_type":"","comment_count":"0","filter":"raw"}]},{"acf_fc_layout":"lens_series","title":"Your diagnostic on innovation","lens_series":[{"ID":608,"post_author":"1","post_date":"2023-03-14 12:06:01","post_date_gmt":"2023-03-14 12:06:01","post_content":"","post_title":"Inovace","post_excerpt":"","post_status":"publish","comment_status":"closed","ping_status":"closed","post_password":"","post_name":"inovace","to_ping":"","pinged":"","post_modified":"2025-01-15 15:21:33","post_modified_gmt":"2025-01-15 15:21:33","post_content_filtered":"","post_parent":0,"guid":"https:\/\/digitalefqm.com\/?post_type=lens&#038;p=608","menu_order":0,"post_type":"lens","post_mime_type":"","comment_count":"0","filter":"raw"}]},{"acf_fc_layout":"lens_series","title":"Your diagnostic on change management","lens_series":[{"ID":618,"post_author":"1","post_date":"2023-03-14 12:08:27","post_date_gmt":"2023-03-14 12:08:27","post_content":"","post_title":"Disrupce","post_excerpt":"","post_status":"publish","comment_status":"closed","ping_status":"closed","post_password":"","post_name":"disrupce","to_ping":"","pinged":"","post_modified":"2025-01-15 15:17:27","post_modified_gmt":"2025-01-15 15:17:27","post_content_filtered":"","post_parent":0,"guid":"https:\/\/digitalefqm.com\/?post_type=lens&#038;p=618","menu_order":0,"post_type":"lens","post_mime_type":"","comment_count":"0","filter":"raw"}]},{"acf_fc_layout":"lens_series","title":"Your diagnostic as a school","lens_series":[{"ID":628,"post_author":"1","post_date":"2023-03-14 12:10:23","post_date_gmt":"2023-03-14 12:10:23","post_content":"","post_title":"Vzd\u011bl\u00e1v\u00e1n\u00ed","post_excerpt":"","post_status":"publish","comment_status":"closed","ping_status":"closed","post_password":"","post_name":"vzdelavani","to_ping":"","pinged":"","post_modified":"2025-12-22 13:53:00","post_modified_gmt":"2025-12-22 13:53:00","post_content_filtered":"","post_parent":0,"guid":"https:\/\/digitalefqm.com\/?post_type=lens&#038;p=628","menu_order":0,"post_type":"lens","post_mime_type":"","comment_count":"0","filter":"raw"}]},{"acf_fc_layout":"banner","content":{"title":"Contact us for a demo","description":"Let us show you the power of Organisational Insights from AssessBase. Contact us for a demo today.","cta":{"title":"Contact Us","url":"https:\/\/efqm.org\/contact\/","target":"_blank"}},"author":{"position":"GLOBAL HEAD OF DIGITAL SERVICES","name":"Vinciane Beauduin","avatar":{"ID":388,"id":388,"title":"","filename":"promo-vinciane-1.png","filesize":16443,"url":"https:\/\/digitalefqm.com\/wp-content\/uploads\/2023\/03\/promo-vinciane-1.png","link":"https:\/\/digitalefqm.com\/cs\/assessbase-cs\/promo-vinciane-1-2\/","alt":"","author":"1","description":"","caption":"","name":"promo-vinciane-1-2","status":"inherit","uploaded_to":670,"date":"2023-03-09 09:51:18","modified":"2023-03-20 09:06:41","menu_order":0,"mime_type":"image\/png","type":"image","subtype":"png","icon":"https:\/\/digitalefqm.com\/wp-includes\/images\/media\/default.png","width":224,"height":233,"sizes":{"thumbnail":"https:\/\/digitalefqm.com\/wp-content\/uploads\/2023\/03\/promo-vinciane-1-150x150.png","thumbnail-width":150,"thumbnail-height":150,"medium":"https:\/\/digitalefqm.com\/wp-content\/uploads\/2023\/03\/promo-vinciane-1.png","medium-width":224,"medium-height":233,"medium_large":"https:\/\/digitalefqm.com\/wp-content\/uploads\/2023\/03\/promo-vinciane-1.png","medium_large-width":224,"medium_large-height":233,"large":"https:\/\/digitalefqm.com\/wp-content\/uploads\/2023\/03\/promo-vinciane-1.png","large-width":224,"large-height":233,"1536x1536":"https:\/\/digitalefqm.com\/wp-content\/uploads\/2023\/03\/promo-vinciane-1.png","1536x1536-width":224,"1536x1536-height":233,"2048x2048":"https:\/\/digitalefqm.com\/wp-content\/uploads\/2023\/03\/promo-vinciane-1.png","2048x2048-width":224,"2048x2048-height":233}}},"full_width":true,"no_full_width":false}]},"yoast_head":"<!-- This site is optimized with the Yoast SEO plugin v27.3 - https:\/\/yoast.com\/product\/yoast-seo-wordpress\/ -->\n<title>Assessbase CS - EFQM<\/title>\n<meta name=\"robots\" content=\"index, follow, max-snippet:-1, max-image-preview:large, max-video-preview:-1\" \/>\n<link rel=\"canonical\" href=\"https:\/\/digitalefqm.com\/cs\/\" \/>\n<meta property=\"og:locale\" content=\"cs_CZ\" \/>\n<meta property=\"og:type\" content=\"article\" \/>\n<meta property=\"og:title\" content=\"Assessbase CS - EFQM\" \/>\n<meta property=\"og:url\" content=\"https:\/\/digitalefqm.com\/cs\/\" \/>\n<meta property=\"og:site_name\" content=\"EFQM\" \/>\n<meta property=\"article:modified_time\" content=\"2025-01-10T08:29:04+00:00\" \/>\n<meta name=\"twitter:card\" content=\"summary_large_image\" \/>\n<script type=\"application\/ld+json\" class=\"yoast-schema-graph\">{\"@context\":\"https:\\\/\\\/schema.org\",\"@graph\":[{\"@type\":\"WebPage\",\"@id\":\"https:\\\/\\\/digitalefqm.com\\\/cs\\\/\",\"url\":\"https:\\\/\\\/digitalefqm.com\\\/cs\\\/\",\"name\":\"Assessbase CS - EFQM\",\"isPartOf\":{\"@id\":\"https:\\\/\\\/digitalefqm.com\\\/cs\\\/#website\"},\"datePublished\":\"2023-03-09T08:57:21+00:00\",\"dateModified\":\"2025-01-10T08:29:04+00:00\",\"breadcrumb\":{\"@id\":\"https:\\\/\\\/digitalefqm.com\\\/cs\\\/#breadcrumb\"},\"inLanguage\":\"cs-CZ\",\"potentialAction\":[{\"@type\":\"ReadAction\",\"target\":[\"https:\\\/\\\/digitalefqm.com\\\/cs\\\/\"]}]},{\"@type\":\"BreadcrumbList\",\"@id\":\"https:\\\/\\\/digitalefqm.com\\\/cs\\\/#breadcrumb\",\"itemListElement\":[{\"@type\":\"ListItem\",\"position\":1,\"name\":\"Home\",\"item\":\"https:\\\/\\\/digitalefqm.com\\\/cs\\\/\"},{\"@type\":\"ListItem\",\"position\":2,\"name\":\"Assessbase CS\"}]},{\"@type\":\"WebSite\",\"@id\":\"https:\\\/\\\/digitalefqm.com\\\/cs\\\/#website\",\"url\":\"https:\\\/\\\/digitalefqm.com\\\/cs\\\/\",\"name\":\"EFQM\",\"description\":\"EFQM Assess Base\",\"publisher\":{\"@id\":\"https:\\\/\\\/digitalefqm.com\\\/cs\\\/#organization\"},\"potentialAction\":[{\"@type\":\"SearchAction\",\"target\":{\"@type\":\"EntryPoint\",\"urlTemplate\":\"https:\\\/\\\/digitalefqm.com\\\/cs\\\/?s={search_term_string}\"},\"query-input\":{\"@type\":\"PropertyValueSpecification\",\"valueRequired\":true,\"valueName\":\"search_term_string\"}}],\"inLanguage\":\"cs-CZ\"},{\"@type\":\"Organization\",\"@id\":\"https:\\\/\\\/digitalefqm.com\\\/cs\\\/#organization\",\"name\":\"EFQM\",\"url\":\"https:\\\/\\\/digitalefqm.com\\\/cs\\\/\",\"logo\":{\"@type\":\"ImageObject\",\"inLanguage\":\"cs-CZ\",\"@id\":\"https:\\\/\\\/digitalefqm.com\\\/cs\\\/#\\\/schema\\\/logo\\\/image\\\/\",\"url\":\"https:\\\/\\\/digitalefqm.com\\\/wp-content\\\/uploads\\\/2023\\\/04\\\/efqm-AB-logo-aligned-colour.png\",\"contentUrl\":\"https:\\\/\\\/digitalefqm.com\\\/wp-content\\\/uploads\\\/2023\\\/04\\\/efqm-AB-logo-aligned-colour.png\",\"width\":2282,\"height\":275,\"caption\":\"EFQM\"},\"image\":{\"@id\":\"https:\\\/\\\/digitalefqm.com\\\/cs\\\/#\\\/schema\\\/logo\\\/image\\\/\"}}]}<\/script>\n<!-- \/ Yoast SEO plugin. -->","yoast_head_json":{"title":"Assessbase CS - EFQM","robots":{"index":"index","follow":"follow","max-snippet":"max-snippet:-1","max-image-preview":"max-image-preview:large","max-video-preview":"max-video-preview:-1"},"canonical":"https:\/\/digitalefqm.com\/cs\/","og_locale":"cs_CZ","og_type":"article","og_title":"Assessbase CS - EFQM","og_url":"https:\/\/digitalefqm.com\/cs\/","og_site_name":"EFQM","article_modified_time":"2025-01-10T08:29:04+00:00","twitter_card":"summary_large_image","schema":{"@context":"https:\/\/schema.org","@graph":[{"@type":"WebPage","@id":"https:\/\/digitalefqm.com\/cs\/","url":"https:\/\/digitalefqm.com\/cs\/","name":"Assessbase CS - EFQM","isPartOf":{"@id":"https:\/\/digitalefqm.com\/cs\/#website"},"datePublished":"2023-03-09T08:57:21+00:00","dateModified":"2025-01-10T08:29:04+00:00","breadcrumb":{"@id":"https:\/\/digitalefqm.com\/cs\/#breadcrumb"},"inLanguage":"cs-CZ","potentialAction":[{"@type":"ReadAction","target":["https:\/\/digitalefqm.com\/cs\/"]}]},{"@type":"BreadcrumbList","@id":"https:\/\/digitalefqm.com\/cs\/#breadcrumb","itemListElement":[{"@type":"ListItem","position":1,"name":"Home","item":"https:\/\/digitalefqm.com\/cs\/"},{"@type":"ListItem","position":2,"name":"Assessbase CS"}]},{"@type":"WebSite","@id":"https:\/\/digitalefqm.com\/cs\/#website","url":"https:\/\/digitalefqm.com\/cs\/","name":"EFQM","description":"EFQM Assess Base","publisher":{"@id":"https:\/\/digitalefqm.com\/cs\/#organization"},"potentialAction":[{"@type":"SearchAction","target":{"@type":"EntryPoint","urlTemplate":"https:\/\/digitalefqm.com\/cs\/?s={search_term_string}"},"query-input":{"@type":"PropertyValueSpecification","valueRequired":true,"valueName":"search_term_string"}}],"inLanguage":"cs-CZ"},{"@type":"Organization","@id":"https:\/\/digitalefqm.com\/cs\/#organization","name":"EFQM","url":"https:\/\/digitalefqm.com\/cs\/","logo":{"@type":"ImageObject","inLanguage":"cs-CZ","@id":"https:\/\/digitalefqm.com\/cs\/#\/schema\/logo\/image\/","url":"https:\/\/digitalefqm.com\/wp-content\/uploads\/2023\/04\/efqm-AB-logo-aligned-colour.png","contentUrl":"https:\/\/digitalefqm.com\/wp-content\/uploads\/2023\/04\/efqm-AB-logo-aligned-colour.png","width":2282,"height":275,"caption":"EFQM"},"image":{"@id":"https:\/\/digitalefqm.com\/cs\/#\/schema\/logo\/image\/"}}]}},"_links":{"self":[{"href":"https:\/\/digitalefqm.com\/cs\/wp-json\/wp\/v2\/pages\/670","targetHints":{"allow":["GET"]}}],"collection":[{"href":"https:\/\/digitalefqm.com\/cs\/wp-json\/wp\/v2\/pages"}],"about":[{"href":"https:\/\/digitalefqm.com\/cs\/wp-json\/wp\/v2\/types\/page"}],"author":[{"embeddable":true,"href":"https:\/\/digitalefqm.com\/cs\/wp-json\/wp\/v2\/users\/1"}],"replies":[{"embeddable":true,"href":"https:\/\/digitalefqm.com\/cs\/wp-json\/wp\/v2\/comments?post=670"}],"version-history":[{"count":8,"href":"https:\/\/digitalefqm.com\/cs\/wp-json\/wp\/v2\/pages\/670\/revisions"}],"predecessor-version":[{"id":1603,"href":"https:\/\/digitalefqm.com\/cs\/wp-json\/wp\/v2\/pages\/670\/revisions\/1603"}],"wp:attachment":[{"href":"https:\/\/digitalefqm.com\/cs\/wp-json\/wp\/v2\/media?parent=670"}],"curies":[{"name":"wp","href":"https:\/\/api.w.org\/{rel}","templated":true}]}}