{"id":664,"date":"2023-03-09T08:57:21","date_gmt":"2023-03-09T08:57:21","guid":{"rendered":"https:\/\/digitalefqm.com\/?page_id=664"},"modified":"2025-01-10T08:29:46","modified_gmt":"2025-01-10T08:29:46","slug":"assessbase-da","status":"publish","type":"page","link":"https:\/\/digitalefqm.com\/da\/","title":{"rendered":"Assessbase DA"},"content":{"rendered":"","protected":false},"excerpt":{"rendered":"","protected":false},"author":1,"featured_media":0,"parent":0,"menu_order":0,"comment_status":"closed","ping_status":"closed","template":"","meta":{"_acf_changed":false,"footnotes":""},"class_list":["post-664","page","type-page","status-publish","hentry"],"acf":{"components":[{"acf_fc_layout":"hero","title":"Benchmark, improve then dig a little deeper...","headline":"Drive the performance of your organisation","description":"","background":{"ID":382,"id":382,"title":"","filename":"assessbase-hero.webp","filesize":247058,"url":"https:\/\/digitalefqm.com\/wp-content\/uploads\/2023\/03\/assessbase-hero.webp","link":"https:\/\/digitalefqm.com\/da\/assessbase-da\/assessbase-hero-2\/","alt":"","author":"1","description":"","caption":"","name":"assessbase-hero-2","status":"inherit","uploaded_to":664,"date":"2023-03-09 09:02:38","modified":"2023-03-20 09:03:12","menu_order":0,"mime_type":"image\/webp","type":"image","subtype":"webp","icon":"https:\/\/digitalefqm.com\/wp-includes\/images\/media\/default.png","width":1920,"height":2219,"sizes":{"thumbnail":"https:\/\/digitalefqm.com\/wp-content\/uploads\/2023\/03\/assessbase-hero-150x150.webp","thumbnail-width":150,"thumbnail-height":150,"medium":"https:\/\/digitalefqm.com\/wp-content\/uploads\/2023\/03\/assessbase-hero-260x300.webp","medium-width":260,"medium-height":300,"medium_large":"https:\/\/digitalefqm.com\/wp-content\/uploads\/2023\/03\/assessbase-hero-768x888.webp","medium_large-width":640,"medium_large-height":740,"large":"https:\/\/digitalefqm.com\/wp-content\/uploads\/2023\/03\/assessbase-hero-886x1024.webp","large-width":640,"large-height":740,"1536x1536":"https:\/\/digitalefqm.com\/wp-content\/uploads\/2023\/03\/assessbase-hero-1329x1536.webp","1536x1536-width":1329,"1536x1536-height":1536,"2048x2048":"https:\/\/digitalefqm.com\/wp-content\/uploads\/2023\/03\/assessbase-hero-1772x2048.webp","2048x2048-width":1772,"2048x2048-height":2048}}},{"acf_fc_layout":"text","content":"<p>AssessBase can help any organisation measure, track and improve performance in the areas they are most interested in.<\/p>\n<p>From start-ups looking to engineer fast growth, through to successful businesses dealing with a crisis, or multinationals keen to adopt a sustainability culture, AssessBase can help.<\/p>\n","image":{"ID":396,"id":396,"title":"","filename":"assesbase-laptop-view.png","filesize":254812,"url":"https:\/\/digitalefqm.com\/wp-content\/uploads\/2023\/03\/assesbase-laptop-view.png","link":"https:\/\/digitalefqm.com\/da\/assessbase-da\/assesbase-laptop-view-2\/","alt":"","author":"1","description":"","caption":"","name":"assesbase-laptop-view-2","status":"inherit","uploaded_to":664,"date":"2023-03-09 11:53:28","modified":"2023-07-27 08:22:05","menu_order":0,"mime_type":"image\/png","type":"image","subtype":"png","icon":"https:\/\/digitalefqm.com\/wp-includes\/images\/media\/default.png","width":1280,"height":644,"sizes":{"thumbnail":"https:\/\/digitalefqm.com\/wp-content\/uploads\/2023\/03\/assesbase-laptop-view-150x150.png","thumbnail-width":150,"thumbnail-height":150,"medium":"https:\/\/digitalefqm.com\/wp-content\/uploads\/2023\/03\/assesbase-laptop-view-300x151.png","medium-width":300,"medium-height":151,"medium_large":"https:\/\/digitalefqm.com\/wp-content\/uploads\/2023\/03\/assesbase-laptop-view-768x386.png","medium_large-width":640,"medium_large-height":322,"large":"https:\/\/digitalefqm.com\/wp-content\/uploads\/2023\/03\/assesbase-laptop-view-1024x515.png","large-width":640,"large-height":322,"1536x1536":"https:\/\/digitalefqm.com\/wp-content\/uploads\/2023\/03\/assesbase-laptop-view.png","1536x1536-width":1280,"1536x1536-height":644,"2048x2048":"https:\/\/digitalefqm.com\/wp-content\/uploads\/2023\/03\/assesbase-laptop-view.png","2048x2048-width":1280,"2048x2048-height":644}},"center_content":false,"content_color":"#048cd7","swap":false,"cta":null},{"acf_fc_layout":"boxes","title":"Your diagnostic on the efqm model 2025","grid":[{"grid_item":{"image":{"ID":431,"id":431,"title":"","filename":"Group-3585.jpg","filesize":30589,"url":"https:\/\/digitalefqm.com\/wp-content\/uploads\/2023\/03\/Group-3585.jpg","link":"https:\/\/digitalefqm.com\/da\/assessbase-da\/group-3585-2\/","alt":"","author":"1","description":"","caption":"","name":"group-3585-2","status":"inherit","uploaded_to":664,"date":"2023-03-10 12:05:51","modified":"2023-04-25 07:54:17","menu_order":0,"mime_type":"image\/jpeg","type":"image","subtype":"jpeg","icon":"https:\/\/digitalefqm.com\/wp-includes\/images\/media\/default.png","width":412,"height":232,"sizes":{"thumbnail":"https:\/\/digitalefqm.com\/wp-content\/uploads\/2023\/03\/Group-3585-150x150.jpg","thumbnail-width":150,"thumbnail-height":150,"medium":"https:\/\/digitalefqm.com\/wp-content\/uploads\/2023\/03\/Group-3585-300x169.jpg","medium-width":300,"medium-height":169,"medium_large":"https:\/\/digitalefqm.com\/wp-content\/uploads\/2023\/03\/Group-3585.jpg","medium_large-width":412,"medium_large-height":232,"large":"https:\/\/digitalefqm.com\/wp-content\/uploads\/2023\/03\/Group-3585.jpg","large-width":412,"large-height":232,"1536x1536":"https:\/\/digitalefqm.com\/wp-content\/uploads\/2023\/03\/Group-3585.jpg","1536x1536-width":412,"1536x1536-height":232,"2048x2048":"https:\/\/digitalefqm.com\/wp-content\/uploads\/2023\/03\/Group-3585.jpg","2048x2048-width":412,"2048x2048-height":232}},"title":"Sp\u00f8rgeskema 2025","copy":"En let og indledende metode til vurdering af organisationens konkurrenceevne ved hj\u00e6lp af et enkelt sp\u00f8rgeskema der kan hj\u00e6lpe bevidste og nysgerrige organisationer med at identificere deres nuv\u00e6rende styrker og forbedringsmuligheder. Sp\u00f8rgerammen er skabt af de bedste organisationer i Europa gennem 25 \u00e5r og anvendes af 50.000 virksomheder, der har et til f\u00e6lles: En klar ambition om at blive bedre i morgen end de var i g\u00e5r. En ambition om at forbedre deres konkurrenceevne i et helhedsperspektiv.","cta":{"title":"Find ud af mere","url":"https:\/\/digitalefqm.com\/find-out-more-questionnaire\/","target":"_blank"},"cta_1":{"title":"Start a Questionnaire","url":"https:\/\/assessbase-v2.digitalefqm.com\/assessment\/qa-rapid-organisation-diagnostic-2025","target":""}}},{"grid_item":{"image":{"ID":438,"id":438,"title":"","filename":"Group-3586.jpg","filesize":28556,"url":"https:\/\/digitalefqm.com\/wp-content\/uploads\/2023\/03\/Group-3586.jpg","link":"https:\/\/digitalefqm.com\/da\/assessbase-da\/group-3586-2\/","alt":"","author":"1","description":"","caption":"","name":"group-3586-2","status":"inherit","uploaded_to":664,"date":"2023-03-10 12:06:51","modified":"2023-03-20 09:03:12","menu_order":0,"mime_type":"image\/jpeg","type":"image","subtype":"jpeg","icon":"https:\/\/digitalefqm.com\/wp-includes\/images\/media\/default.png","width":412,"height":232,"sizes":{"thumbnail":"https:\/\/digitalefqm.com\/wp-content\/uploads\/2023\/03\/Group-3586-150x150.jpg","thumbnail-width":150,"thumbnail-height":150,"medium":"https:\/\/digitalefqm.com\/wp-content\/uploads\/2023\/03\/Group-3586-300x169.jpg","medium-width":300,"medium-height":169,"medium_large":"https:\/\/digitalefqm.com\/wp-content\/uploads\/2023\/03\/Group-3586.jpg","medium_large-width":412,"medium_large-height":232,"large":"https:\/\/digitalefqm.com\/wp-content\/uploads\/2023\/03\/Group-3586.jpg","large-width":412,"large-height":232,"1536x1536":"https:\/\/digitalefqm.com\/wp-content\/uploads\/2023\/03\/Group-3586.jpg","1536x1536-width":412,"1536x1536-height":232,"2048x2048":"https:\/\/digitalefqm.com\/wp-content\/uploads\/2023\/03\/Group-3586.jpg","2048x2048-width":412,"2048x2048-height":232}},"title":"Forretningsmatrix 2025","copy":"Dette v\u00e6rkt\u00f8j giver en sammenh\u00e6ngende vurdering af organisationens pr\u00e6stationsevne baseret p\u00e5 alle kriterier i EFQM-modellen og giver samtidig en score baseret p\u00e5 de overordnede RADAR-elementerne. Ved hj\u00e6lp af dette v\u00e6rkt\u00f8j kan organisationer generere en mere detaljeret forst\u00e5else af sin pr\u00e6stationsevne s\u00e5vel operationelt som strategisk","cta":{"title":"Find ud af mere","url":"https:\/\/digitalefqm.com\/find-out-more-bm\/","target":"_blank"},"cta_1":{"title":"Start a Business Matrix","url":"https:\/\/assessbase-v2.digitalefqm.com\/assessment\/organisation-diagnostic-2025","target":""}}},{"grid_item":{"image":{"ID":445,"id":445,"title":"","filename":"Group-3587.jpg","filesize":30162,"url":"https:\/\/digitalefqm.com\/wp-content\/uploads\/2023\/03\/Group-3587.jpg","link":"https:\/\/digitalefqm.com\/da\/assessbase-da\/group-3587-2\/","alt":"","author":"1","description":"","caption":"","name":"group-3587-2","status":"inherit","uploaded_to":664,"date":"2023-03-10 12:08:00","modified":"2023-03-20 09:03:12","menu_order":0,"mime_type":"image\/jpeg","type":"image","subtype":"jpeg","icon":"https:\/\/digitalefqm.com\/wp-includes\/images\/media\/default.png","width":412,"height":232,"sizes":{"thumbnail":"https:\/\/digitalefqm.com\/wp-content\/uploads\/2023\/03\/Group-3587-150x150.jpg","thumbnail-width":150,"thumbnail-height":150,"medium":"https:\/\/digitalefqm.com\/wp-content\/uploads\/2023\/03\/Group-3587-300x169.jpg","medium-width":300,"medium-height":169,"medium_large":"https:\/\/digitalefqm.com\/wp-content\/uploads\/2023\/03\/Group-3587.jpg","medium_large-width":412,"medium_large-height":232,"large":"https:\/\/digitalefqm.com\/wp-content\/uploads\/2023\/03\/Group-3587.jpg","large-width":412,"large-height":232,"1536x1536":"https:\/\/digitalefqm.com\/wp-content\/uploads\/2023\/03\/Group-3587.jpg","1536x1536-width":412,"1536x1536-height":232,"2048x2048":"https:\/\/digitalefqm.com\/wp-content\/uploads\/2023\/03\/Group-3587.jpg","2048x2048-width":412,"2048x2048-height":232}},"title":"Advanced Organisation Diagnostic 2025","copy":"Dette v\u00e6rkt\u00f8j giver en komplet vurdering af alle kriterierne i EFQM-modellen, de tilknyttede delkriterier \/ intentioner og score total RADAR-scoring. Ved hj\u00e6lp af dette v\u00e6rkt\u00f8j kan organisationer generere et detaljeret og strategisk udgangspunkt for organisationens pr\u00e6stationer og identificere, hvor organisationen har sine styrker og hvor den har sine forbedringsomr\u00e5der","cta":{"title":"Find ud af mere","url":"https:\/\/digitalefqm.com\/find-out-more-bma\/","target":"_blank"},"cta_1":{"title":"Start a Business Matrix Advanced","url":"https:\/\/assessbase-v2.digitalefqm.com\/assessment\/advanced-organisation-diagnostic-2025","target":""}}}]},{"acf_fc_layout":"banner","content":{"title":"","description":"","cta":null},"author":{"position":"","name":"","avatar":false},"full_width":false,"no_full_width":[{"title":"TRY THE FREE QUESTIONNAIRE","cta":{"title":"Click here","url":"https:\/\/assessbase-v2.digitalefqm.com\/assessment\/rapid-organisation-diagnostic-2025\/ ","target":"_blank"},"background":{"ID":445,"id":445,"title":"","filename":"Group-3587.jpg","filesize":30162,"url":"https:\/\/digitalefqm.com\/wp-content\/uploads\/2023\/03\/Group-3587.jpg","link":"https:\/\/digitalefqm.com\/da\/assessbase-da\/group-3587-2\/","alt":"","author":"1","description":"","caption":"","name":"group-3587-2","status":"inherit","uploaded_to":664,"date":"2023-03-10 12:08:00","modified":"2023-03-20 09:03:12","menu_order":0,"mime_type":"image\/jpeg","type":"image","subtype":"jpeg","icon":"https:\/\/digitalefqm.com\/wp-includes\/images\/media\/default.png","width":412,"height":232,"sizes":{"thumbnail":"https:\/\/digitalefqm.com\/wp-content\/uploads\/2023\/03\/Group-3587-150x150.jpg","thumbnail-width":150,"thumbnail-height":150,"medium":"https:\/\/digitalefqm.com\/wp-content\/uploads\/2023\/03\/Group-3587-300x169.jpg","medium-width":300,"medium-height":169,"medium_large":"https:\/\/digitalefqm.com\/wp-content\/uploads\/2023\/03\/Group-3587.jpg","medium_large-width":412,"medium_large-height":232,"large":"https:\/\/digitalefqm.com\/wp-content\/uploads\/2023\/03\/Group-3587.jpg","large-width":412,"large-height":232,"1536x1536":"https:\/\/digitalefqm.com\/wp-content\/uploads\/2023\/03\/Group-3587.jpg","1536x1536-width":412,"1536x1536-height":232,"2048x2048":"https:\/\/digitalefqm.com\/wp-content\/uploads\/2023\/03\/Group-3587.jpg","2048x2048-width":412,"2048x2048-height":232}}},{"title":"BOOK YOUR DEMO","cta":{"title":"Contact Us","url":"https:\/\/efqm.org\/contact\/","target":"_blank"},"background":{"ID":445,"id":445,"title":"","filename":"Group-3587.jpg","filesize":30162,"url":"https:\/\/digitalefqm.com\/wp-content\/uploads\/2023\/03\/Group-3587.jpg","link":"https:\/\/digitalefqm.com\/da\/assessbase-da\/group-3587-2\/","alt":"","author":"1","description":"","caption":"","name":"group-3587-2","status":"inherit","uploaded_to":664,"date":"2023-03-10 12:08:00","modified":"2023-03-20 09:03:12","menu_order":0,"mime_type":"image\/jpeg","type":"image","subtype":"jpeg","icon":"https:\/\/digitalefqm.com\/wp-includes\/images\/media\/default.png","width":412,"height":232,"sizes":{"thumbnail":"https:\/\/digitalefqm.com\/wp-content\/uploads\/2023\/03\/Group-3587-150x150.jpg","thumbnail-width":150,"thumbnail-height":150,"medium":"https:\/\/digitalefqm.com\/wp-content\/uploads\/2023\/03\/Group-3587-300x169.jpg","medium-width":300,"medium-height":169,"medium_large":"https:\/\/digitalefqm.com\/wp-content\/uploads\/2023\/03\/Group-3587.jpg","medium_large-width":412,"medium_large-height":232,"large":"https:\/\/digitalefqm.com\/wp-content\/uploads\/2023\/03\/Group-3587.jpg","large-width":412,"large-height":232,"1536x1536":"https:\/\/digitalefqm.com\/wp-content\/uploads\/2023\/03\/Group-3587.jpg","1536x1536-width":412,"1536x1536-height":232,"2048x2048":"https:\/\/digitalefqm.com\/wp-content\/uploads\/2023\/03\/Group-3587.jpg","2048x2048-width":412,"2048x2048-height":232}}}]},{"acf_fc_layout":"text","content":"<p>Additional diagnostic tools are available to help organisations focus on specific areas of improvements, such as innovation, Circular Economy, Net Zero, the UN SDG, \u2026<\/p>\n","image":false,"center_content":true,"content_color":"#048cd7","swap":false,"cta":null},{"acf_fc_layout":"lens_series","title":"Your diagnostic on sustainability","lens_series":[{"ID":571,"post_author":"1","post_date":"2023-03-09 12:23:44","post_date_gmt":"2023-03-09 12:23:44","post_content":"","post_title":"Cirkul\u00e6r \u00f8konomi","post_excerpt":"","post_status":"publish","comment_status":"closed","ping_status":"closed","post_password":"","post_name":"circular-economy","to_ping":"","pinged":"","post_modified":"2025-01-15 15:35:46","post_modified_gmt":"2025-01-15 15:35:46","post_content_filtered":"","post_parent":0,"guid":"https:\/\/digitalefqm.com\/?post_type=lens&#038;p=571","menu_order":0,"post_type":"lens","post_mime_type":"","comment_count":"0","filter":"raw"},{"ID":586,"post_author":"1","post_date":"2023-03-09 14:03:20","post_date_gmt":"2023-03-09 14:03:20","post_content":"","post_title":"FN's Verdensm\u00e5l","post_excerpt":"","post_status":"publish","comment_status":"closed","ping_status":"closed","post_password":"","post_name":"un-sustainable-development-goals","to_ping":"","pinged":"","post_modified":"2025-01-15 15:32:03","post_modified_gmt":"2025-01-15 15:32:03","post_content_filtered":"","post_parent":0,"guid":"https:\/\/digitalefqm.com\/?post_type=lens&#038;p=586","menu_order":0,"post_type":"lens","post_mime_type":"","comment_count":"0","filter":"raw"},{"ID":597,"post_author":"1","post_date":"2023-03-14 12:03:45","post_date_gmt":"2023-03-14 12:03:45","post_content":"","post_title":"Net zero","post_excerpt":"","post_status":"publish","comment_status":"closed","ping_status":"closed","post_password":"","post_name":"net-zero","to_ping":"","pinged":"","post_modified":"2025-01-15 15:26:03","post_modified_gmt":"2025-01-15 15:26:03","post_content_filtered":"","post_parent":0,"guid":"https:\/\/digitalefqm.com\/?post_type=lens&#038;p=597","menu_order":0,"post_type":"lens","post_mime_type":"","comment_count":"0","filter":"raw"},{"ID":1046,"post_author":"1","post_date":"2023-04-03 08:59:38","post_date_gmt":"2023-04-03 08:59:38","post_content":"","post_title":"Environmental Sustainability Lens","post_excerpt":"","post_status":"publish","comment_status":"closed","ping_status":"closed","post_password":"","post_name":"environmental-sustainability-lens","to_ping":"","pinged":"","post_modified":"2025-01-15 14:55:19","post_modified_gmt":"2025-01-15 14:55:19","post_content_filtered":"","post_parent":0,"guid":"https:\/\/digitalefqm.com\/?post_type=lens&#038;p=1046","menu_order":0,"post_type":"lens","post_mime_type":"","comment_count":"0","filter":"raw"}]},{"acf_fc_layout":"lens_series","title":"Your diagnostic on innovation","lens_series":[{"ID":609,"post_author":"1","post_date":"2023-03-14 12:06:01","post_date_gmt":"2023-03-14 12:06:01","post_content":"","post_title":"Innovation","post_excerpt":"","post_status":"publish","comment_status":"closed","ping_status":"closed","post_password":"","post_name":"innovation","to_ping":"","pinged":"","post_modified":"2025-01-15 15:22:30","post_modified_gmt":"2025-01-15 15:22:30","post_content_filtered":"","post_parent":0,"guid":"https:\/\/digitalefqm.com\/?post_type=lens&#038;p=609","menu_order":0,"post_type":"lens","post_mime_type":"","comment_count":"0","filter":"raw"}]},{"acf_fc_layout":"lens_series","title":"Your diagnostic on change management","lens_series":[{"ID":619,"post_author":"1","post_date":"2023-03-14 12:08:27","post_date_gmt":"2023-03-14 12:08:27","post_content":"","post_title":"Disruption","post_excerpt":"","post_status":"publish","comment_status":"closed","ping_status":"closed","post_password":"","post_name":"disruption","to_ping":"","pinged":"","post_modified":"2025-01-15 15:18:18","post_modified_gmt":"2025-01-15 15:18:18","post_content_filtered":"","post_parent":0,"guid":"https:\/\/digitalefqm.com\/?post_type=lens&#038;p=619","menu_order":0,"post_type":"lens","post_mime_type":"","comment_count":"0","filter":"raw"}]},{"acf_fc_layout":"lens_series","title":"Your diagnostic as a school","lens_series":[{"ID":629,"post_author":"1","post_date":"2023-03-14 12:10:23","post_date_gmt":"2023-03-14 12:10:23","post_content":"","post_title":"Education","post_excerpt":"","post_status":"publish","comment_status":"closed","ping_status":"closed","post_password":"","post_name":"education","to_ping":"","pinged":"","post_modified":"2025-12-22 13:53:18","post_modified_gmt":"2025-12-22 13:53:18","post_content_filtered":"","post_parent":0,"guid":"https:\/\/digitalefqm.com\/?post_type=lens&#038;p=629","menu_order":0,"post_type":"lens","post_mime_type":"","comment_count":"0","filter":"raw"}]},{"acf_fc_layout":"banner","content":{"title":"Contact us for a demo","description":"Let us show you the power of Organisational Insights from AssessBase. Contact us for a demo today.","cta":{"title":"Contact Us","url":"https:\/\/efqm.org\/contact\/","target":"_blank"}},"author":{"position":"GLOBAL HEAD OF DIGITAL SERVICES","name":"Vinciane Beauduin","avatar":{"ID":389,"id":389,"title":"","filename":"promo-vinciane-1.png","filesize":16443,"url":"https:\/\/digitalefqm.com\/wp-content\/uploads\/2023\/03\/promo-vinciane-1.png","link":"https:\/\/digitalefqm.com\/da\/assessbase-da\/promo-vinciane-1-2\/","alt":"","author":"1","description":"","caption":"","name":"promo-vinciane-1-2","status":"inherit","uploaded_to":664,"date":"2023-03-09 09:51:18","modified":"2023-03-20 09:03:13","menu_order":0,"mime_type":"image\/png","type":"image","subtype":"png","icon":"https:\/\/digitalefqm.com\/wp-includes\/images\/media\/default.png","width":224,"height":233,"sizes":{"thumbnail":"https:\/\/digitalefqm.com\/wp-content\/uploads\/2023\/03\/promo-vinciane-1-150x150.png","thumbnail-width":150,"thumbnail-height":150,"medium":"https:\/\/digitalefqm.com\/wp-content\/uploads\/2023\/03\/promo-vinciane-1.png","medium-width":224,"medium-height":233,"medium_large":"https:\/\/digitalefqm.com\/wp-content\/uploads\/2023\/03\/promo-vinciane-1.png","medium_large-width":224,"medium_large-height":233,"large":"https:\/\/digitalefqm.com\/wp-content\/uploads\/2023\/03\/promo-vinciane-1.png","large-width":224,"large-height":233,"1536x1536":"https:\/\/digitalefqm.com\/wp-content\/uploads\/2023\/03\/promo-vinciane-1.png","1536x1536-width":224,"1536x1536-height":233,"2048x2048":"https:\/\/digitalefqm.com\/wp-content\/uploads\/2023\/03\/promo-vinciane-1.png","2048x2048-width":224,"2048x2048-height":233}}},"full_width":true,"no_full_width":false}]},"yoast_head":"<!-- This site is optimized with the Yoast SEO plugin v27.3 - https:\/\/yoast.com\/product\/yoast-seo-wordpress\/ -->\n<title>Assessbase DA - EFQM<\/title>\n<meta name=\"robots\" content=\"index, follow, max-snippet:-1, max-image-preview:large, max-video-preview:-1\" \/>\n<link rel=\"canonical\" href=\"https:\/\/digitalefqm.com\/da\/\" \/>\n<meta property=\"og:locale\" content=\"da_DK\" \/>\n<meta property=\"og:type\" content=\"article\" \/>\n<meta property=\"og:title\" content=\"Assessbase DA - EFQM\" \/>\n<meta property=\"og:url\" content=\"https:\/\/digitalefqm.com\/da\/\" \/>\n<meta property=\"og:site_name\" content=\"EFQM\" \/>\n<meta property=\"article:modified_time\" content=\"2025-01-10T08:29:46+00:00\" \/>\n<meta name=\"twitter:card\" content=\"summary_large_image\" \/>\n<script type=\"application\/ld+json\" class=\"yoast-schema-graph\">{\"@context\":\"https:\\\/\\\/schema.org\",\"@graph\":[{\"@type\":\"WebPage\",\"@id\":\"https:\\\/\\\/digitalefqm.com\\\/da\\\/\",\"url\":\"https:\\\/\\\/digitalefqm.com\\\/da\\\/\",\"name\":\"Assessbase DA - EFQM\",\"isPartOf\":{\"@id\":\"https:\\\/\\\/digitalefqm.com\\\/da\\\/#website\"},\"datePublished\":\"2023-03-09T08:57:21+00:00\",\"dateModified\":\"2025-01-10T08:29:46+00:00\",\"breadcrumb\":{\"@id\":\"https:\\\/\\\/digitalefqm.com\\\/da\\\/#breadcrumb\"},\"inLanguage\":\"da-DK\",\"potentialAction\":[{\"@type\":\"ReadAction\",\"target\":[\"https:\\\/\\\/digitalefqm.com\\\/da\\\/\"]}]},{\"@type\":\"BreadcrumbList\",\"@id\":\"https:\\\/\\\/digitalefqm.com\\\/da\\\/#breadcrumb\",\"itemListElement\":[{\"@type\":\"ListItem\",\"position\":1,\"name\":\"Home\",\"item\":\"https:\\\/\\\/digitalefqm.com\\\/da\\\/\"},{\"@type\":\"ListItem\",\"position\":2,\"name\":\"Assessbase DA\"}]},{\"@type\":\"WebSite\",\"@id\":\"https:\\\/\\\/digitalefqm.com\\\/da\\\/#website\",\"url\":\"https:\\\/\\\/digitalefqm.com\\\/da\\\/\",\"name\":\"EFQM\",\"description\":\"EFQM Assess Base\",\"publisher\":{\"@id\":\"https:\\\/\\\/digitalefqm.com\\\/da\\\/#organization\"},\"potentialAction\":[{\"@type\":\"SearchAction\",\"target\":{\"@type\":\"EntryPoint\",\"urlTemplate\":\"https:\\\/\\\/digitalefqm.com\\\/da\\\/?s={search_term_string}\"},\"query-input\":{\"@type\":\"PropertyValueSpecification\",\"valueRequired\":true,\"valueName\":\"search_term_string\"}}],\"inLanguage\":\"da-DK\"},{\"@type\":\"Organization\",\"@id\":\"https:\\\/\\\/digitalefqm.com\\\/da\\\/#organization\",\"name\":\"EFQM\",\"url\":\"https:\\\/\\\/digitalefqm.com\\\/da\\\/\",\"logo\":{\"@type\":\"ImageObject\",\"inLanguage\":\"da-DK\",\"@id\":\"https:\\\/\\\/digitalefqm.com\\\/da\\\/#\\\/schema\\\/logo\\\/image\\\/\",\"url\":\"https:\\\/\\\/digitalefqm.com\\\/wp-content\\\/uploads\\\/2023\\\/04\\\/efqm-AB-logo-aligned-colour.png\",\"contentUrl\":\"https:\\\/\\\/digitalefqm.com\\\/wp-content\\\/uploads\\\/2023\\\/04\\\/efqm-AB-logo-aligned-colour.png\",\"width\":2282,\"height\":275,\"caption\":\"EFQM\"},\"image\":{\"@id\":\"https:\\\/\\\/digitalefqm.com\\\/da\\\/#\\\/schema\\\/logo\\\/image\\\/\"}}]}<\/script>\n<!-- \/ Yoast SEO plugin. -->","yoast_head_json":{"title":"Assessbase DA - EFQM","robots":{"index":"index","follow":"follow","max-snippet":"max-snippet:-1","max-image-preview":"max-image-preview:large","max-video-preview":"max-video-preview:-1"},"canonical":"https:\/\/digitalefqm.com\/da\/","og_locale":"da_DK","og_type":"article","og_title":"Assessbase DA - EFQM","og_url":"https:\/\/digitalefqm.com\/da\/","og_site_name":"EFQM","article_modified_time":"2025-01-10T08:29:46+00:00","twitter_card":"summary_large_image","schema":{"@context":"https:\/\/schema.org","@graph":[{"@type":"WebPage","@id":"https:\/\/digitalefqm.com\/da\/","url":"https:\/\/digitalefqm.com\/da\/","name":"Assessbase DA - EFQM","isPartOf":{"@id":"https:\/\/digitalefqm.com\/da\/#website"},"datePublished":"2023-03-09T08:57:21+00:00","dateModified":"2025-01-10T08:29:46+00:00","breadcrumb":{"@id":"https:\/\/digitalefqm.com\/da\/#breadcrumb"},"inLanguage":"da-DK","potentialAction":[{"@type":"ReadAction","target":["https:\/\/digitalefqm.com\/da\/"]}]},{"@type":"BreadcrumbList","@id":"https:\/\/digitalefqm.com\/da\/#breadcrumb","itemListElement":[{"@type":"ListItem","position":1,"name":"Home","item":"https:\/\/digitalefqm.com\/da\/"},{"@type":"ListItem","position":2,"name":"Assessbase DA"}]},{"@type":"WebSite","@id":"https:\/\/digitalefqm.com\/da\/#website","url":"https:\/\/digitalefqm.com\/da\/","name":"EFQM","description":"EFQM Assess Base","publisher":{"@id":"https:\/\/digitalefqm.com\/da\/#organization"},"potentialAction":[{"@type":"SearchAction","target":{"@type":"EntryPoint","urlTemplate":"https:\/\/digitalefqm.com\/da\/?s={search_term_string}"},"query-input":{"@type":"PropertyValueSpecification","valueRequired":true,"valueName":"search_term_string"}}],"inLanguage":"da-DK"},{"@type":"Organization","@id":"https:\/\/digitalefqm.com\/da\/#organization","name":"EFQM","url":"https:\/\/digitalefqm.com\/da\/","logo":{"@type":"ImageObject","inLanguage":"da-DK","@id":"https:\/\/digitalefqm.com\/da\/#\/schema\/logo\/image\/","url":"https:\/\/digitalefqm.com\/wp-content\/uploads\/2023\/04\/efqm-AB-logo-aligned-colour.png","contentUrl":"https:\/\/digitalefqm.com\/wp-content\/uploads\/2023\/04\/efqm-AB-logo-aligned-colour.png","width":2282,"height":275,"caption":"EFQM"},"image":{"@id":"https:\/\/digitalefqm.com\/da\/#\/schema\/logo\/image\/"}}]}},"_links":{"self":[{"href":"https:\/\/digitalefqm.com\/da\/wp-json\/wp\/v2\/pages\/664","targetHints":{"allow":["GET"]}}],"collection":[{"href":"https:\/\/digitalefqm.com\/da\/wp-json\/wp\/v2\/pages"}],"about":[{"href":"https:\/\/digitalefqm.com\/da\/wp-json\/wp\/v2\/types\/page"}],"author":[{"embeddable":true,"href":"https:\/\/digitalefqm.com\/da\/wp-json\/wp\/v2\/users\/1"}],"replies":[{"embeddable":true,"href":"https:\/\/digitalefqm.com\/da\/wp-json\/wp\/v2\/comments?post=664"}],"version-history":[{"count":10,"href":"https:\/\/digitalefqm.com\/da\/wp-json\/wp\/v2\/pages\/664\/revisions"}],"predecessor-version":[{"id":1605,"href":"https:\/\/digitalefqm.com\/da\/wp-json\/wp\/v2\/pages\/664\/revisions\/1605"}],"wp:attachment":[{"href":"https:\/\/digitalefqm.com\/da\/wp-json\/wp\/v2\/media?parent=664"}],"curies":[{"name":"wp","href":"https:\/\/api.w.org\/{rel}","templated":true}]}}