{"id":812,"date":"2023-03-09T08:57:21","date_gmt":"2023-03-09T08:57:21","guid":{"rendered":"https:\/\/digitalefqm.com\/?page_id=812"},"modified":"2025-01-10T08:27:15","modified_gmt":"2025-01-10T08:27:15","slug":"assessbase-de","status":"publish","type":"page","link":"https:\/\/digitalefqm.com\/de\/","title":{"rendered":"Assessbase DE"},"content":{"rendered":"","protected":false},"excerpt":{"rendered":"","protected":false},"author":1,"featured_media":0,"parent":0,"menu_order":0,"comment_status":"closed","ping_status":"closed","template":"","meta":{"_acf_changed":false,"footnotes":""},"class_list":["post-812","page","type-page","status-publish","hentry"],"acf":{"components":[{"acf_fc_layout":"hero","title":"Leistungsvergleich, Verbesserung und dann ein bisschen tiefer graben...","headline":"Steigern Sie die Leistung Ihres Unternehmens","description":"","background":{"ID":141,"id":141,"title":"","filename":"assessbase-hero.webp","filesize":247058,"url":"https:\/\/digitalefqm.com\/wp-content\/uploads\/2023\/03\/assessbase-hero.webp","link":"https:\/\/digitalefqm.com\/de\/assessbase-de\/assessbase-hero-2\/","alt":"","author":"1","description":"","caption":"","name":"assessbase-hero-2","status":"inherit","uploaded_to":812,"date":"2023-03-09 09:02:38","modified":"2023-03-30 13:25:27","menu_order":0,"mime_type":"image\/webp","type":"image","subtype":"webp","icon":"https:\/\/digitalefqm.com\/wp-includes\/images\/media\/default.png","width":1920,"height":2219,"sizes":{"thumbnail":"https:\/\/digitalefqm.com\/wp-content\/uploads\/2023\/03\/assessbase-hero-150x150.webp","thumbnail-width":150,"thumbnail-height":150,"medium":"https:\/\/digitalefqm.com\/wp-content\/uploads\/2023\/03\/assessbase-hero-260x300.webp","medium-width":260,"medium-height":300,"medium_large":"https:\/\/digitalefqm.com\/wp-content\/uploads\/2023\/03\/assessbase-hero-768x888.webp","medium_large-width":640,"medium_large-height":740,"large":"https:\/\/digitalefqm.com\/wp-content\/uploads\/2023\/03\/assessbase-hero-886x1024.webp","large-width":640,"large-height":740,"1536x1536":"https:\/\/digitalefqm.com\/wp-content\/uploads\/2023\/03\/assessbase-hero-1329x1536.webp","1536x1536-width":1329,"1536x1536-height":1536,"2048x2048":"https:\/\/digitalefqm.com\/wp-content\/uploads\/2023\/03\/assessbase-hero-1772x2048.webp","2048x2048-width":1772,"2048x2048-height":2048}}},{"acf_fc_layout":"text","content":"<p>AssessBase kann jeder Organisation dabei helfen, die Leistung in den Bereichen zu messen, zu verfolgen und zu verbessern, die sie am meisten interessieren.<\/p>\n<p>Von Start-ups, die schnelles Wachstum anstreben, bis hin zu erfolgreichen Unternehmen, die mit einer Krise zu k\u00e4mpfen haben, oder multinationalen Konzernen, die eine Nachhaltigkeitskultur einf\u00fchren m\u00f6chten, kann AssessBase helfen.<\/p>\n","image":{"ID":147,"id":147,"title":"","filename":"assesbase-laptop-view.png","filesize":254812,"url":"https:\/\/digitalefqm.com\/wp-content\/uploads\/2023\/03\/assesbase-laptop-view.png","link":"https:\/\/digitalefqm.com\/de\/assessbase-de\/assesbase-laptop-view-2\/","alt":"","author":"1","description":"","caption":"","name":"assesbase-laptop-view-2","status":"inherit","uploaded_to":812,"date":"2023-03-09 11:53:28","modified":"2023-07-27 08:22:05","menu_order":0,"mime_type":"image\/png","type":"image","subtype":"png","icon":"https:\/\/digitalefqm.com\/wp-includes\/images\/media\/default.png","width":1280,"height":644,"sizes":{"thumbnail":"https:\/\/digitalefqm.com\/wp-content\/uploads\/2023\/03\/assesbase-laptop-view-150x150.png","thumbnail-width":150,"thumbnail-height":150,"medium":"https:\/\/digitalefqm.com\/wp-content\/uploads\/2023\/03\/assesbase-laptop-view-300x151.png","medium-width":300,"medium-height":151,"medium_large":"https:\/\/digitalefqm.com\/wp-content\/uploads\/2023\/03\/assesbase-laptop-view-768x386.png","medium_large-width":640,"medium_large-height":322,"large":"https:\/\/digitalefqm.com\/wp-content\/uploads\/2023\/03\/assesbase-laptop-view-1024x515.png","large-width":640,"large-height":322,"1536x1536":"https:\/\/digitalefqm.com\/wp-content\/uploads\/2023\/03\/assesbase-laptop-view.png","1536x1536-width":1280,"1536x1536-height":644,"2048x2048":"https:\/\/digitalefqm.com\/wp-content\/uploads\/2023\/03\/assesbase-laptop-view.png","2048x2048-width":1280,"2048x2048-height":644}},"center_content":false,"content_color":"#048cd7","swap":false,"cta":null},{"acf_fc_layout":"boxes","title":"Ihre Diagnose zum efqm-Modell 2025","grid":[{"grid_item":{"image":{"ID":162,"id":162,"title":"","filename":"Group-3585.jpg","filesize":30589,"url":"https:\/\/digitalefqm.com\/wp-content\/uploads\/2023\/03\/Group-3585.jpg","link":"https:\/\/digitalefqm.com\/de\/assessbase-de\/group-3585-2\/","alt":"","author":"1","description":"","caption":"","name":"group-3585-2","status":"inherit","uploaded_to":812,"date":"2023-03-10 12:05:51","modified":"2023-04-25 07:54:17","menu_order":0,"mime_type":"image\/jpeg","type":"image","subtype":"jpeg","icon":"https:\/\/digitalefqm.com\/wp-includes\/images\/media\/default.png","width":412,"height":232,"sizes":{"thumbnail":"https:\/\/digitalefqm.com\/wp-content\/uploads\/2023\/03\/Group-3585-150x150.jpg","thumbnail-width":150,"thumbnail-height":150,"medium":"https:\/\/digitalefqm.com\/wp-content\/uploads\/2023\/03\/Group-3585-300x169.jpg","medium-width":300,"medium-height":169,"medium_large":"https:\/\/digitalefqm.com\/wp-content\/uploads\/2023\/03\/Group-3585.jpg","medium_large-width":412,"medium_large-height":232,"large":"https:\/\/digitalefqm.com\/wp-content\/uploads\/2023\/03\/Group-3585.jpg","large-width":412,"large-height":232,"1536x1536":"https:\/\/digitalefqm.com\/wp-content\/uploads\/2023\/03\/Group-3585.jpg","1536x1536-width":412,"1536x1536-height":232,"2048x2048":"https:\/\/digitalefqm.com\/wp-content\/uploads\/2023\/03\/Group-3585.jpg","2048x2048-width":412,"2048x2048-height":232}},"title":"Schnelle Organisationsdiagnose 2025","copy":"Eine erste Ber\u00fchrung mit dem EFQM Modell 2020 mit Hilfe eines einfachen Fragebogens, um \u201eneugierigen \/ weniger reifen\u201c Organisationen dabei zu helfen, ihre aktuelle Position zu identifizieren und potenzielle Verbesserungsm\u00f6glichkeiten zu ermitteln.","cta":{"title":"Finde mehr heraus","url":"https:\/\/digitalefqm.com\/find-out-more-questionnaire\/","target":"_blank"},"cta_1":{"title":"Starten Sie eine schnelle Organisationsdiagnose","url":"https:\/\/assessbase-v2.digitalefqm.com\/assessment\/qa-rapid-organisation-diagnostic-2025","target":""}}},{"grid_item":{"image":{"ID":165,"id":165,"title":"","filename":"Group-3586.jpg","filesize":28556,"url":"https:\/\/digitalefqm.com\/wp-content\/uploads\/2023\/03\/Group-3586.jpg","link":"https:\/\/digitalefqm.com\/de\/assessbase-de\/group-3586-2\/","alt":"","author":"1","description":"","caption":"","name":"group-3586-2","status":"inherit","uploaded_to":812,"date":"2023-03-10 12:06:51","modified":"2023-03-30 13:25:27","menu_order":0,"mime_type":"image\/jpeg","type":"image","subtype":"jpeg","icon":"https:\/\/digitalefqm.com\/wp-includes\/images\/media\/default.png","width":412,"height":232,"sizes":{"thumbnail":"https:\/\/digitalefqm.com\/wp-content\/uploads\/2023\/03\/Group-3586-150x150.jpg","thumbnail-width":150,"thumbnail-height":150,"medium":"https:\/\/digitalefqm.com\/wp-content\/uploads\/2023\/03\/Group-3586-300x169.jpg","medium-width":300,"medium-height":169,"medium_large":"https:\/\/digitalefqm.com\/wp-content\/uploads\/2023\/03\/Group-3586.jpg","medium_large-width":412,"medium_large-height":232,"large":"https:\/\/digitalefqm.com\/wp-content\/uploads\/2023\/03\/Group-3586.jpg","large-width":412,"large-height":232,"1536x1536":"https:\/\/digitalefqm.com\/wp-content\/uploads\/2023\/03\/Group-3586.jpg","1536x1536-width":412,"1536x1536-height":232,"2048x2048":"https:\/\/digitalefqm.com\/wp-content\/uploads\/2023\/03\/Group-3586.jpg","2048x2048-width":412,"2048x2048-height":232}},"title":"Organisationsdiagnose 2025","copy":"Dieses Bewertungstool erm\u00f6glicht eine vollst\u00e4ndige Bewertung basierend auf allen (Teil)Kriterien des EFQM Modells. Die Punktevergabe erfolgt nach der RADAR Logik. Mit diesem Bewertungsinstrument kann Ihre Organisation eine detaillierte Enabler Map (\u00dcbersicht \u00fcber die Ma\u00dfnahmen) und einen Ergebnisbericht erstellen.","cta":{"title":"Finde mehr heraus","url":"https:\/\/digitalefqm.com\/find-out-more-bm\/","target":"_blank"},"cta_1":{"title":"Starten Sie eine Organisationsdiagnose","url":"https:\/\/assessbase-v2.digitalefqm.com\/assessment\/organisation-diagnostic-2025","target":""}}},{"grid_item":{"image":{"ID":168,"id":168,"title":"","filename":"Group-3587.jpg","filesize":30162,"url":"https:\/\/digitalefqm.com\/wp-content\/uploads\/2023\/03\/Group-3587.jpg","link":"https:\/\/digitalefqm.com\/de\/assessbase-de\/group-3587-2\/","alt":"","author":"1","description":"","caption":"","name":"group-3587-2","status":"inherit","uploaded_to":812,"date":"2023-03-10 12:08:00","modified":"2023-03-30 13:25:27","menu_order":0,"mime_type":"image\/jpeg","type":"image","subtype":"jpeg","icon":"https:\/\/digitalefqm.com\/wp-includes\/images\/media\/default.png","width":412,"height":232,"sizes":{"thumbnail":"https:\/\/digitalefqm.com\/wp-content\/uploads\/2023\/03\/Group-3587-150x150.jpg","thumbnail-width":150,"thumbnail-height":150,"medium":"https:\/\/digitalefqm.com\/wp-content\/uploads\/2023\/03\/Group-3587-300x169.jpg","medium-width":300,"medium-height":169,"medium_large":"https:\/\/digitalefqm.com\/wp-content\/uploads\/2023\/03\/Group-3587.jpg","medium_large-width":412,"medium_large-height":232,"large":"https:\/\/digitalefqm.com\/wp-content\/uploads\/2023\/03\/Group-3587.jpg","large-width":412,"large-height":232,"1536x1536":"https:\/\/digitalefqm.com\/wp-content\/uploads\/2023\/03\/Group-3587.jpg","1536x1536-width":412,"1536x1536-height":232,"2048x2048":"https:\/\/digitalefqm.com\/wp-content\/uploads\/2023\/03\/Group-3587.jpg","2048x2048-width":412,"2048x2048-height":232}},"title":"Erweiterte Organisationsdiagnose 2025","copy":"Dieses Bewertungstool erm\u00f6glicht eine vollst\u00e4ndige Bewertung basierend auf allen (Teil)Kriterien des EFQM Modells. Die Punktevergabe erfolgt nach der RADAR Logik. Mit diesem Bewertungsinstrument kann Ihre Organisation eine detaillierte Enabler Map (\u00dcbersicht \u00fcber die Ma\u00dfnahmen) und einen Ergebnisbericht erstellen.","cta":{"title":"Finde mehr heraus","url":"https:\/\/digitalefqm.com\/find-out-more-bma\/","target":"_blank"},"cta_1":{"title":"Starten Sie eine erweiterte Organisationsdiagnose","url":"https:\/\/assessbase-v2.digitalefqm.com\/assessment\/advanced-organisation-diagnostic-2025","target":""}}}]},{"acf_fc_layout":"banner","content":{"title":"","description":"","cta":null},"author":{"position":"","name":"","avatar":false},"full_width":false,"no_full_width":[{"title":"TESTEN SIE DEN KOSTENLOSEN FRAGEBOGEN","cta":{"title":"klicken Sie hier","url":"https:\/\/assessbase-v2.digitalefqm.com\/assessment\/rapid-organisation-diagnostic-2025\/","target":"_blank"},"background":{"ID":168,"id":168,"title":"","filename":"Group-3587.jpg","filesize":30162,"url":"https:\/\/digitalefqm.com\/wp-content\/uploads\/2023\/03\/Group-3587.jpg","link":"https:\/\/digitalefqm.com\/de\/assessbase-de\/group-3587-2\/","alt":"","author":"1","description":"","caption":"","name":"group-3587-2","status":"inherit","uploaded_to":812,"date":"2023-03-10 12:08:00","modified":"2023-03-30 13:25:27","menu_order":0,"mime_type":"image\/jpeg","type":"image","subtype":"jpeg","icon":"https:\/\/digitalefqm.com\/wp-includes\/images\/media\/default.png","width":412,"height":232,"sizes":{"thumbnail":"https:\/\/digitalefqm.com\/wp-content\/uploads\/2023\/03\/Group-3587-150x150.jpg","thumbnail-width":150,"thumbnail-height":150,"medium":"https:\/\/digitalefqm.com\/wp-content\/uploads\/2023\/03\/Group-3587-300x169.jpg","medium-width":300,"medium-height":169,"medium_large":"https:\/\/digitalefqm.com\/wp-content\/uploads\/2023\/03\/Group-3587.jpg","medium_large-width":412,"medium_large-height":232,"large":"https:\/\/digitalefqm.com\/wp-content\/uploads\/2023\/03\/Group-3587.jpg","large-width":412,"large-height":232,"1536x1536":"https:\/\/digitalefqm.com\/wp-content\/uploads\/2023\/03\/Group-3587.jpg","1536x1536-width":412,"1536x1536-height":232,"2048x2048":"https:\/\/digitalefqm.com\/wp-content\/uploads\/2023\/03\/Group-3587.jpg","2048x2048-width":412,"2048x2048-height":232}}},{"title":"BUCHEN SIE IHRE DEMO","cta":{"title":"kontaktiere uns","url":"https:\/\/efqm.org\/contact\/","target":"_blank"},"background":{"ID":168,"id":168,"title":"","filename":"Group-3587.jpg","filesize":30162,"url":"https:\/\/digitalefqm.com\/wp-content\/uploads\/2023\/03\/Group-3587.jpg","link":"https:\/\/digitalefqm.com\/de\/assessbase-de\/group-3587-2\/","alt":"","author":"1","description":"","caption":"","name":"group-3587-2","status":"inherit","uploaded_to":812,"date":"2023-03-10 12:08:00","modified":"2023-03-30 13:25:27","menu_order":0,"mime_type":"image\/jpeg","type":"image","subtype":"jpeg","icon":"https:\/\/digitalefqm.com\/wp-includes\/images\/media\/default.png","width":412,"height":232,"sizes":{"thumbnail":"https:\/\/digitalefqm.com\/wp-content\/uploads\/2023\/03\/Group-3587-150x150.jpg","thumbnail-width":150,"thumbnail-height":150,"medium":"https:\/\/digitalefqm.com\/wp-content\/uploads\/2023\/03\/Group-3587-300x169.jpg","medium-width":300,"medium-height":169,"medium_large":"https:\/\/digitalefqm.com\/wp-content\/uploads\/2023\/03\/Group-3587.jpg","medium_large-width":412,"medium_large-height":232,"large":"https:\/\/digitalefqm.com\/wp-content\/uploads\/2023\/03\/Group-3587.jpg","large-width":412,"large-height":232,"1536x1536":"https:\/\/digitalefqm.com\/wp-content\/uploads\/2023\/03\/Group-3587.jpg","1536x1536-width":412,"1536x1536-height":232,"2048x2048":"https:\/\/digitalefqm.com\/wp-content\/uploads\/2023\/03\/Group-3587.jpg","2048x2048-width":412,"2048x2048-height":232}}}]},{"acf_fc_layout":"text","content":"<p>Zus\u00e4tzliche Diagnosetools stehen zur Verf\u00fcgung, um Organisationen dabei zu helfen, sich auf bestimmte Verbesserungsbereiche zu konzentrieren, wie z. B. Innovation, Kreislaufwirtschaft, Netto-Null, die UN-SDG usw.<\/p>\n","image":false,"center_content":true,"content_color":"#048cd7","swap":false,"cta":null},{"acf_fc_layout":"lens_series","title":"Ihre Diagnose zum Thema Nachhaltigkeit","lens_series":[{"ID":574,"post_author":"1","post_date":"2023-03-09 12:23:44","post_date_gmt":"2023-03-09 12:23:44","post_content":"","post_title":"Circular Economy","post_excerpt":"","post_status":"publish","comment_status":"closed","ping_status":"closed","post_password":"","post_name":"circular-economy","to_ping":"","pinged":"","post_modified":"2025-01-15 15:33:28","post_modified_gmt":"2025-01-15 15:33:28","post_content_filtered":"","post_parent":0,"guid":"https:\/\/digitalefqm.com\/?post_type=lens&#038;p=574","menu_order":0,"post_type":"lens","post_mime_type":"","comment_count":"0","filter":"raw"},{"ID":589,"post_author":"1","post_date":"2023-03-09 14:03:20","post_date_gmt":"2023-03-09 14:03:20","post_content":"","post_title":"UN SDGs","post_excerpt":"","post_status":"publish","comment_status":"closed","ping_status":"closed","post_password":"","post_name":"un-sdgs","to_ping":"","pinged":"","post_modified":"2025-01-15 15:29:29","post_modified_gmt":"2025-01-15 15:29:29","post_content_filtered":"","post_parent":0,"guid":"https:\/\/digitalefqm.com\/?post_type=lens&#038;p=589","menu_order":0,"post_type":"lens","post_mime_type":"","comment_count":"0","filter":"raw"},{"ID":599,"post_author":"1","post_date":"2023-03-14 12:03:45","post_date_gmt":"2023-03-14 12:03:45","post_content":"","post_title":"Net zero","post_excerpt":"","post_status":"publish","comment_status":"closed","ping_status":"closed","post_password":"","post_name":"net-zero","to_ping":"","pinged":"","post_modified":"2025-01-15 15:24:11","post_modified_gmt":"2025-01-15 15:24:11","post_content_filtered":"","post_parent":0,"guid":"https:\/\/digitalefqm.com\/?post_type=lens&#038;p=599","menu_order":0,"post_type":"lens","post_mime_type":"","comment_count":"0","filter":"raw"},{"ID":1038,"post_author":"1","post_date":"2023-04-03 08:59:38","post_date_gmt":"2023-04-03 08:59:38","post_content":"","post_title":"Environmental Sustainability Lens","post_excerpt":"","post_status":"publish","comment_status":"closed","ping_status":"closed","post_password":"","post_name":"environmental-sustainability-lens","to_ping":"","pinged":"","post_modified":"2025-01-15 14:53:26","post_modified_gmt":"2025-01-15 14:53:26","post_content_filtered":"","post_parent":0,"guid":"https:\/\/digitalefqm.com\/?post_type=lens&#038;p=1038","menu_order":0,"post_type":"lens","post_mime_type":"","comment_count":"0","filter":"raw"}]},{"acf_fc_layout":"lens_series","title":"Ihre Diagnose zum Thema Innovation","lens_series":[{"ID":611,"post_author":"1","post_date":"2023-03-14 12:06:01","post_date_gmt":"2023-03-14 12:06:01","post_content":"","post_title":"Innovation","post_excerpt":"","post_status":"publish","comment_status":"closed","ping_status":"closed","post_password":"","post_name":"innovation","to_ping":"","pinged":"","post_modified":"2025-01-15 15:19:51","post_modified_gmt":"2025-01-15 15:19:51","post_content_filtered":"","post_parent":0,"guid":"https:\/\/digitalefqm.com\/?post_type=lens&#038;p=611","menu_order":0,"post_type":"lens","post_mime_type":"","comment_count":"0","filter":"raw"}]},{"acf_fc_layout":"lens_series","title":"Ihre Diagnostik zum Thema Change Management","lens_series":[{"ID":621,"post_author":"1","post_date":"2023-03-14 12:08:27","post_date_gmt":"2023-03-14 12:08:27","post_content":"","post_title":"Disruption","post_excerpt":"","post_status":"publish","comment_status":"closed","ping_status":"closed","post_password":"","post_name":"disruption","to_ping":"","pinged":"","post_modified":"2025-01-15 15:16:01","post_modified_gmt":"2025-01-15 15:16:01","post_content_filtered":"","post_parent":0,"guid":"https:\/\/digitalefqm.com\/?post_type=lens&#038;p=621","menu_order":0,"post_type":"lens","post_mime_type":"","comment_count":"0","filter":"raw"}]},{"acf_fc_layout":"lens_series","title":"Ihre Diagnose als Schule","lens_series":[{"ID":631,"post_author":"1","post_date":"2023-03-14 12:10:23","post_date_gmt":"2023-03-14 12:10:23","post_content":"","post_title":"Bildung","post_excerpt":"","post_status":"publish","comment_status":"closed","ping_status":"closed","post_password":"","post_name":"bildung","to_ping":"","pinged":"","post_modified":"2025-12-22 13:54:52","post_modified_gmt":"2025-12-22 13:54:52","post_content_filtered":"","post_parent":0,"guid":"https:\/\/digitalefqm.com\/?post_type=lens&#038;p=631","menu_order":0,"post_type":"lens","post_mime_type":"","comment_count":"0","filter":"raw"}]},{"acf_fc_layout":"banner","content":{"title":"Kontaktieren Sie uns f\u00fcr eine Demo","description":"Lassen Sie sich von uns die Leistungsf\u00e4higkeit der Organizational Insights von AssessBase zeigen. Kontaktieren Sie uns noch heute f\u00fcr eine Demo.","cta":{"title":"kontaktiere uns","url":"https:\/\/efqm.org\/contact\/","target":"_blank"}},"author":{"position":"GLOBAL HEAD OF DIGITAL SERVICES","name":"Vinciane Beauduin","avatar":{"ID":144,"id":144,"title":"","filename":"promo-vinciane-1.png","filesize":16443,"url":"https:\/\/digitalefqm.com\/wp-content\/uploads\/2023\/03\/promo-vinciane-1.png","link":"https:\/\/digitalefqm.com\/de\/assessbase-de\/promo-vinciane-1-2\/","alt":"","author":"1","description":"","caption":"","name":"promo-vinciane-1-2","status":"inherit","uploaded_to":812,"date":"2023-03-09 09:51:18","modified":"2023-03-30 13:25:27","menu_order":0,"mime_type":"image\/png","type":"image","subtype":"png","icon":"https:\/\/digitalefqm.com\/wp-includes\/images\/media\/default.png","width":224,"height":233,"sizes":{"thumbnail":"https:\/\/digitalefqm.com\/wp-content\/uploads\/2023\/03\/promo-vinciane-1-150x150.png","thumbnail-width":150,"thumbnail-height":150,"medium":"https:\/\/digitalefqm.com\/wp-content\/uploads\/2023\/03\/promo-vinciane-1.png","medium-width":224,"medium-height":233,"medium_large":"https:\/\/digitalefqm.com\/wp-content\/uploads\/2023\/03\/promo-vinciane-1.png","medium_large-width":224,"medium_large-height":233,"large":"https:\/\/digitalefqm.com\/wp-content\/uploads\/2023\/03\/promo-vinciane-1.png","large-width":224,"large-height":233,"1536x1536":"https:\/\/digitalefqm.com\/wp-content\/uploads\/2023\/03\/promo-vinciane-1.png","1536x1536-width":224,"1536x1536-height":233,"2048x2048":"https:\/\/digitalefqm.com\/wp-content\/uploads\/2023\/03\/promo-vinciane-1.png","2048x2048-width":224,"2048x2048-height":233}}},"full_width":true,"no_full_width":false}]},"yoast_head":"<!-- This site is optimized with the Yoast SEO plugin v27.3 - https:\/\/yoast.com\/product\/yoast-seo-wordpress\/ -->\n<title>Assessbase DE - EFQM<\/title>\n<meta name=\"robots\" content=\"index, follow, max-snippet:-1, max-image-preview:large, max-video-preview:-1\" \/>\n<link rel=\"canonical\" href=\"https:\/\/digitalefqm.com\/de\/\" \/>\n<meta property=\"og:locale\" content=\"de_DE\" \/>\n<meta property=\"og:type\" content=\"article\" \/>\n<meta property=\"og:title\" content=\"Assessbase DE - EFQM\" \/>\n<meta property=\"og:url\" content=\"https:\/\/digitalefqm.com\/de\/\" \/>\n<meta property=\"og:site_name\" content=\"EFQM\" \/>\n<meta property=\"article:modified_time\" content=\"2025-01-10T08:27:15+00:00\" \/>\n<meta name=\"twitter:card\" content=\"summary_large_image\" \/>\n<script type=\"application\/ld+json\" class=\"yoast-schema-graph\">{\"@context\":\"https:\\\/\\\/schema.org\",\"@graph\":[{\"@type\":\"WebPage\",\"@id\":\"https:\\\/\\\/digitalefqm.com\\\/de\\\/\",\"url\":\"https:\\\/\\\/digitalefqm.com\\\/de\\\/\",\"name\":\"Assessbase DE - EFQM\",\"isPartOf\":{\"@id\":\"https:\\\/\\\/digitalefqm.com\\\/de\\\/#website\"},\"datePublished\":\"2023-03-09T08:57:21+00:00\",\"dateModified\":\"2025-01-10T08:27:15+00:00\",\"breadcrumb\":{\"@id\":\"https:\\\/\\\/digitalefqm.com\\\/de\\\/#breadcrumb\"},\"inLanguage\":\"de-DE\",\"potentialAction\":[{\"@type\":\"ReadAction\",\"target\":[\"https:\\\/\\\/digitalefqm.com\\\/de\\\/\"]}]},{\"@type\":\"BreadcrumbList\",\"@id\":\"https:\\\/\\\/digitalefqm.com\\\/de\\\/#breadcrumb\",\"itemListElement\":[{\"@type\":\"ListItem\",\"position\":1,\"name\":\"Home\",\"item\":\"https:\\\/\\\/digitalefqm.com\\\/de\\\/\"},{\"@type\":\"ListItem\",\"position\":2,\"name\":\"Assessbase DE\"}]},{\"@type\":\"WebSite\",\"@id\":\"https:\\\/\\\/digitalefqm.com\\\/de\\\/#website\",\"url\":\"https:\\\/\\\/digitalefqm.com\\\/de\\\/\",\"name\":\"EFQM\",\"description\":\"EFQM Assess Base\",\"publisher\":{\"@id\":\"https:\\\/\\\/digitalefqm.com\\\/de\\\/#organization\"},\"potentialAction\":[{\"@type\":\"SearchAction\",\"target\":{\"@type\":\"EntryPoint\",\"urlTemplate\":\"https:\\\/\\\/digitalefqm.com\\\/de\\\/?s={search_term_string}\"},\"query-input\":{\"@type\":\"PropertyValueSpecification\",\"valueRequired\":true,\"valueName\":\"search_term_string\"}}],\"inLanguage\":\"de-DE\"},{\"@type\":\"Organization\",\"@id\":\"https:\\\/\\\/digitalefqm.com\\\/de\\\/#organization\",\"name\":\"EFQM\",\"url\":\"https:\\\/\\\/digitalefqm.com\\\/de\\\/\",\"logo\":{\"@type\":\"ImageObject\",\"inLanguage\":\"de-DE\",\"@id\":\"https:\\\/\\\/digitalefqm.com\\\/de\\\/#\\\/schema\\\/logo\\\/image\\\/\",\"url\":\"https:\\\/\\\/digitalefqm.com\\\/wp-content\\\/uploads\\\/2023\\\/04\\\/efqm-AB-logo-aligned-colour.png\",\"contentUrl\":\"https:\\\/\\\/digitalefqm.com\\\/wp-content\\\/uploads\\\/2023\\\/04\\\/efqm-AB-logo-aligned-colour.png\",\"width\":2282,\"height\":275,\"caption\":\"EFQM\"},\"image\":{\"@id\":\"https:\\\/\\\/digitalefqm.com\\\/de\\\/#\\\/schema\\\/logo\\\/image\\\/\"}}]}<\/script>\n<!-- \/ Yoast SEO plugin. -->","yoast_head_json":{"title":"Assessbase DE - EFQM","robots":{"index":"index","follow":"follow","max-snippet":"max-snippet:-1","max-image-preview":"max-image-preview:large","max-video-preview":"max-video-preview:-1"},"canonical":"https:\/\/digitalefqm.com\/de\/","og_locale":"de_DE","og_type":"article","og_title":"Assessbase DE - EFQM","og_url":"https:\/\/digitalefqm.com\/de\/","og_site_name":"EFQM","article_modified_time":"2025-01-10T08:27:15+00:00","twitter_card":"summary_large_image","schema":{"@context":"https:\/\/schema.org","@graph":[{"@type":"WebPage","@id":"https:\/\/digitalefqm.com\/de\/","url":"https:\/\/digitalefqm.com\/de\/","name":"Assessbase DE - EFQM","isPartOf":{"@id":"https:\/\/digitalefqm.com\/de\/#website"},"datePublished":"2023-03-09T08:57:21+00:00","dateModified":"2025-01-10T08:27:15+00:00","breadcrumb":{"@id":"https:\/\/digitalefqm.com\/de\/#breadcrumb"},"inLanguage":"de-DE","potentialAction":[{"@type":"ReadAction","target":["https:\/\/digitalefqm.com\/de\/"]}]},{"@type":"BreadcrumbList","@id":"https:\/\/digitalefqm.com\/de\/#breadcrumb","itemListElement":[{"@type":"ListItem","position":1,"name":"Home","item":"https:\/\/digitalefqm.com\/de\/"},{"@type":"ListItem","position":2,"name":"Assessbase DE"}]},{"@type":"WebSite","@id":"https:\/\/digitalefqm.com\/de\/#website","url":"https:\/\/digitalefqm.com\/de\/","name":"EFQM","description":"EFQM Assess Base","publisher":{"@id":"https:\/\/digitalefqm.com\/de\/#organization"},"potentialAction":[{"@type":"SearchAction","target":{"@type":"EntryPoint","urlTemplate":"https:\/\/digitalefqm.com\/de\/?s={search_term_string}"},"query-input":{"@type":"PropertyValueSpecification","valueRequired":true,"valueName":"search_term_string"}}],"inLanguage":"de-DE"},{"@type":"Organization","@id":"https:\/\/digitalefqm.com\/de\/#organization","name":"EFQM","url":"https:\/\/digitalefqm.com\/de\/","logo":{"@type":"ImageObject","inLanguage":"de-DE","@id":"https:\/\/digitalefqm.com\/de\/#\/schema\/logo\/image\/","url":"https:\/\/digitalefqm.com\/wp-content\/uploads\/2023\/04\/efqm-AB-logo-aligned-colour.png","contentUrl":"https:\/\/digitalefqm.com\/wp-content\/uploads\/2023\/04\/efqm-AB-logo-aligned-colour.png","width":2282,"height":275,"caption":"EFQM"},"image":{"@id":"https:\/\/digitalefqm.com\/de\/#\/schema\/logo\/image\/"}}]}},"_links":{"self":[{"href":"https:\/\/digitalefqm.com\/de\/wp-json\/wp\/v2\/pages\/812","targetHints":{"allow":["GET"]}}],"collection":[{"href":"https:\/\/digitalefqm.com\/de\/wp-json\/wp\/v2\/pages"}],"about":[{"href":"https:\/\/digitalefqm.com\/de\/wp-json\/wp\/v2\/types\/page"}],"author":[{"embeddable":true,"href":"https:\/\/digitalefqm.com\/de\/wp-json\/wp\/v2\/users\/1"}],"replies":[{"embeddable":true,"href":"https:\/\/digitalefqm.com\/de\/wp-json\/wp\/v2\/comments?post=812"}],"version-history":[{"count":14,"href":"https:\/\/digitalefqm.com\/de\/wp-json\/wp\/v2\/pages\/812\/revisions"}],"predecessor-version":[{"id":1599,"href":"https:\/\/digitalefqm.com\/de\/wp-json\/wp\/v2\/pages\/812\/revisions\/1599"}],"wp:attachment":[{"href":"https:\/\/digitalefqm.com\/de\/wp-json\/wp\/v2\/media?parent=812"}],"curies":[{"name":"wp","href":"https:\/\/api.w.org\/{rel}","templated":true}]}}