{"id":840,"date":"2023-03-09T08:57:21","date_gmt":"2023-03-09T08:57:21","guid":{"rendered":"https:\/\/digitalefqm.com\/?page_id=840"},"modified":"2025-07-24T07:38:17","modified_gmt":"2025-07-24T07:38:17","slug":"assessbase-es","status":"publish","type":"page","link":"https:\/\/digitalefqm.com\/es\/","title":{"rendered":"Plataforma de evaluaci\u00f3n EFQM Digital"},"content":{"rendered":"","protected":false},"excerpt":{"rendered":"","protected":false},"author":1,"featured_media":0,"parent":0,"menu_order":0,"comment_status":"closed","ping_status":"closed","template":"","meta":{"_acf_changed":false,"footnotes":""},"class_list":["post-840","page","type-page","status-publish","hentry"],"acf":{"components":[{"acf_fc_layout":"hero","title":"Mide, supervisa, compara y mejora el rendimiento de tu organizaci\u00f3n...","headline":"Impulse el rendimiento de su organizaci\u00f3n","description":"","background":{"ID":142,"id":142,"title":"","filename":"assessbase-hero.webp","filesize":247058,"url":"https:\/\/digitalefqm.com\/wp-content\/uploads\/2023\/03\/assessbase-hero.webp","link":"https:\/\/digitalefqm.com\/es\/assessbase-es\/assessbase-hero-2\/","alt":"","author":"1","description":"","caption":"","name":"assessbase-hero-2","status":"inherit","uploaded_to":840,"date":"2023-03-09 09:02:38","modified":"2023-03-30 13:33:28","menu_order":0,"mime_type":"image\/webp","type":"image","subtype":"webp","icon":"https:\/\/digitalefqm.com\/wp-includes\/images\/media\/default.png","width":1920,"height":2219,"sizes":{"thumbnail":"https:\/\/digitalefqm.com\/wp-content\/uploads\/2023\/03\/assessbase-hero-150x150.webp","thumbnail-width":150,"thumbnail-height":150,"medium":"https:\/\/digitalefqm.com\/wp-content\/uploads\/2023\/03\/assessbase-hero-260x300.webp","medium-width":260,"medium-height":300,"medium_large":"https:\/\/digitalefqm.com\/wp-content\/uploads\/2023\/03\/assessbase-hero-768x888.webp","medium_large-width":640,"medium_large-height":740,"large":"https:\/\/digitalefqm.com\/wp-content\/uploads\/2023\/03\/assessbase-hero-886x1024.webp","large-width":640,"large-height":740,"1536x1536":"https:\/\/digitalefqm.com\/wp-content\/uploads\/2023\/03\/assessbase-hero-1329x1536.webp","1536x1536-width":1329,"1536x1536-height":1536,"2048x2048":"https:\/\/digitalefqm.com\/wp-content\/uploads\/2023\/03\/assessbase-hero-1772x2048.webp","2048x2048-width":1772,"2048x2048-height":2048}}},{"acf_fc_layout":"text","content":"<p>La Plataforma de Evaluaci\u00f3n EFQM Digital es una herramienta de gesti\u00f3n que permite a cualquier organizaci\u00f3n medir, supervisar y mejorar su rendimiento, priorizando las \u00e1reas que m\u00e1s le interesan.<\/p>\n<p>Grandes organizaciones, pymes, <i>start<\/i><i>-ups, <\/i><i>scale<\/i><i>-ups\u2026 C<\/i>ualquier organizaci\u00f3n que desee incrementar su competitividad, puede utilizar la Plataforma de Evaluaci\u00f3n EFQM Digital como herramienta para impulsar el cambio y mejorar la gesti\u00f3n de su organizaci\u00f3n.<\/p>\n","image":{"ID":148,"id":148,"title":"","filename":"assesbase-laptop-view.png","filesize":254812,"url":"https:\/\/digitalefqm.com\/wp-content\/uploads\/2023\/03\/assesbase-laptop-view.png","link":"https:\/\/digitalefqm.com\/es\/assessbase-es\/assesbase-laptop-view-2\/","alt":"","author":"1","description":"","caption":"","name":"assesbase-laptop-view-2","status":"inherit","uploaded_to":840,"date":"2023-03-09 11:53:28","modified":"2023-07-27 08:22:05","menu_order":0,"mime_type":"image\/png","type":"image","subtype":"png","icon":"https:\/\/digitalefqm.com\/wp-includes\/images\/media\/default.png","width":1280,"height":644,"sizes":{"thumbnail":"https:\/\/digitalefqm.com\/wp-content\/uploads\/2023\/03\/assesbase-laptop-view-150x150.png","thumbnail-width":150,"thumbnail-height":150,"medium":"https:\/\/digitalefqm.com\/wp-content\/uploads\/2023\/03\/assesbase-laptop-view-300x151.png","medium-width":300,"medium-height":151,"medium_large":"https:\/\/digitalefqm.com\/wp-content\/uploads\/2023\/03\/assesbase-laptop-view-768x386.png","medium_large-width":640,"medium_large-height":322,"large":"https:\/\/digitalefqm.com\/wp-content\/uploads\/2023\/03\/assesbase-laptop-view-1024x515.png","large-width":640,"large-height":322,"1536x1536":"https:\/\/digitalefqm.com\/wp-content\/uploads\/2023\/03\/assesbase-laptop-view.png","1536x1536-width":1280,"1536x1536-height":644,"2048x2048":"https:\/\/digitalefqm.com\/wp-content\/uploads\/2023\/03\/assesbase-laptop-view.png","2048x2048-width":1280,"2048x2048-height":644}},"center_content":false,"content_color":"#048cd7","swap":false,"cta":null},{"acf_fc_layout":"boxes","title":"HERRAMIENTAS DE EVALUACI\u00d3N EFQM 2025","grid":[{"grid_item":{"image":{"ID":163,"id":163,"title":"","filename":"Group-3585.jpg","filesize":30589,"url":"https:\/\/digitalefqm.com\/wp-content\/uploads\/2023\/03\/Group-3585.jpg","link":"https:\/\/digitalefqm.com\/es\/assessbase-es\/group-3585-2\/","alt":"","author":"1","description":"","caption":"","name":"group-3585-2","status":"inherit","uploaded_to":840,"date":"2023-03-10 12:05:51","modified":"2023-04-25 07:54:17","menu_order":0,"mime_type":"image\/jpeg","type":"image","subtype":"jpeg","icon":"https:\/\/digitalefqm.com\/wp-includes\/images\/media\/default.png","width":412,"height":232,"sizes":{"thumbnail":"https:\/\/digitalefqm.com\/wp-content\/uploads\/2023\/03\/Group-3585-150x150.jpg","thumbnail-width":150,"thumbnail-height":150,"medium":"https:\/\/digitalefqm.com\/wp-content\/uploads\/2023\/03\/Group-3585-300x169.jpg","medium-width":300,"medium-height":169,"medium_large":"https:\/\/digitalefqm.com\/wp-content\/uploads\/2023\/03\/Group-3585.jpg","medium_large-width":412,"medium_large-height":232,"large":"https:\/\/digitalefqm.com\/wp-content\/uploads\/2023\/03\/Group-3585.jpg","large-width":412,"large-height":232,"1536x1536":"https:\/\/digitalefqm.com\/wp-content\/uploads\/2023\/03\/Group-3585.jpg","1536x1536-width":412,"1536x1536-height":232,"2048x2048":"https:\/\/digitalefqm.com\/wp-content\/uploads\/2023\/03\/Group-3585.jpg","2048x2048-width":412,"2048x2048-height":232}},"title":"Cuestionario 2025","copy":"Una herramienta de evaluaci\u00f3n sencilla, para obtener un primer diagn\u00f3stico que te ayudar\u00e1 a identificar la situaci\u00f3n actual de vuestra gesti\u00f3n y a definir acciones a futuro y prioridades para tu organizaci\u00f3n.","cta":{"title":"M\u00e1s informaci\u00f3n","url":"https:\/\/digitalefqm.com\/find-out-more-questionnaire\/","target":""},"cta_1":{"title":"Iniciar un cuestionario","url":"https:\/\/assessbase-v2.digitalefqm.com\/assessment\/qa-rapid-organisation-diagnostic-2025","target":""}}},{"grid_item":{"image":{"ID":166,"id":166,"title":"","filename":"Group-3586.jpg","filesize":28556,"url":"https:\/\/digitalefqm.com\/wp-content\/uploads\/2023\/03\/Group-3586.jpg","link":"https:\/\/digitalefqm.com\/es\/assessbase-es\/group-3586-2\/","alt":"","author":"1","description":"","caption":"","name":"group-3586-2","status":"inherit","uploaded_to":840,"date":"2023-03-10 12:06:51","modified":"2023-03-30 13:33:29","menu_order":0,"mime_type":"image\/jpeg","type":"image","subtype":"jpeg","icon":"https:\/\/digitalefqm.com\/wp-includes\/images\/media\/default.png","width":412,"height":232,"sizes":{"thumbnail":"https:\/\/digitalefqm.com\/wp-content\/uploads\/2023\/03\/Group-3586-150x150.jpg","thumbnail-width":150,"thumbnail-height":150,"medium":"https:\/\/digitalefqm.com\/wp-content\/uploads\/2023\/03\/Group-3586-300x169.jpg","medium-width":300,"medium-height":169,"medium_large":"https:\/\/digitalefqm.com\/wp-content\/uploads\/2023\/03\/Group-3586.jpg","medium_large-width":412,"medium_large-height":232,"large":"https:\/\/digitalefqm.com\/wp-content\/uploads\/2023\/03\/Group-3586.jpg","large-width":412,"large-height":232,"1536x1536":"https:\/\/digitalefqm.com\/wp-content\/uploads\/2023\/03\/Group-3586.jpg","1536x1536-width":412,"1536x1536-height":232,"2048x2048":"https:\/\/digitalefqm.com\/wp-content\/uploads\/2023\/03\/Group-3586.jpg","2048x2048-width":412,"2048x2048-height":232}},"title":"Evaluaci\u00f3n por criterios 2025","copy":"Esta herramienta permite realizar un an\u00e1lisis global de la gesti\u00f3n en base a los criterios del Modelo EFQM. Con ella, la organizaci\u00f3n puede realizar una autoevaluaci\u00f3n o una evaluaci\u00f3n externa a nivel de criterios.","cta":{"title":"M\u00e1s informaci\u00f3n","url":"https:\/\/digitalefqm.com\/find-out-more-bm\/","target":""},"cta_1":{"title":"Iniciar una evaluaci\u00f3n por criterios","url":"https:\/\/assessbase-v2.digitalefqm.com\/assessment\/organisation-diagnostic-2025","target":""}}},{"grid_item":{"image":{"ID":169,"id":169,"title":"","filename":"Group-3587.jpg","filesize":30162,"url":"https:\/\/digitalefqm.com\/wp-content\/uploads\/2023\/03\/Group-3587.jpg","link":"https:\/\/digitalefqm.com\/es\/assessbase-es\/group-3587-2\/","alt":"","author":"1","description":"","caption":"","name":"group-3587-2","status":"inherit","uploaded_to":840,"date":"2023-03-10 12:08:00","modified":"2023-03-30 13:33:29","menu_order":0,"mime_type":"image\/jpeg","type":"image","subtype":"jpeg","icon":"https:\/\/digitalefqm.com\/wp-includes\/images\/media\/default.png","width":412,"height":232,"sizes":{"thumbnail":"https:\/\/digitalefqm.com\/wp-content\/uploads\/2023\/03\/Group-3587-150x150.jpg","thumbnail-width":150,"thumbnail-height":150,"medium":"https:\/\/digitalefqm.com\/wp-content\/uploads\/2023\/03\/Group-3587-300x169.jpg","medium-width":300,"medium-height":169,"medium_large":"https:\/\/digitalefqm.com\/wp-content\/uploads\/2023\/03\/Group-3587.jpg","medium_large-width":412,"medium_large-height":232,"large":"https:\/\/digitalefqm.com\/wp-content\/uploads\/2023\/03\/Group-3587.jpg","large-width":412,"large-height":232,"1536x1536":"https:\/\/digitalefqm.com\/wp-content\/uploads\/2023\/03\/Group-3587.jpg","1536x1536-width":412,"1536x1536-height":232,"2048x2048":"https:\/\/digitalefqm.com\/wp-content\/uploads\/2023\/03\/Group-3587.jpg","2048x2048-width":412,"2048x2048-height":232}},"title":"Evaluaci\u00f3n por subcriterios 2025","copy":"Esta herramienta permite realizar un an\u00e1lisis global de la gesti\u00f3n en base a los subcriterios del Modelo EFQM. Con ella, la organizaci\u00f3n puede realizar una autoevaluaci\u00f3n o una evaluaci\u00f3n externa con alto nivel de profundidad, a nivel de subcriterios.","cta":{"title":"M\u00e1s informaci\u00f3n","url":"https:\/\/digitalefqm.com\/find-out-more-bma\/","target":""},"cta_1":{"title":"Iniciar una evaluaci\u00f3n por subcriterios","url":"https:\/\/assessbase-v2.digitalefqm.com\/assessment\/advanced-organisation-diagnostic-2025","target":""}}}]},{"acf_fc_layout":"banner","content":{"title":"","description":"","cta":null},"author":{"position":"","name":"","avatar":false},"full_width":false,"no_full_width":[{"title":"REALIZA EL CUESTIONARIO DE FORMA GRATUITA","cta":{"title":"Comenzar","url":"https:\/\/assessbase-v2.digitalefqm.com\/assessment\/rapid-organisation-diagnostic-2025","target":""},"background":{"ID":169,"id":169,"title":"","filename":"Group-3587.jpg","filesize":30162,"url":"https:\/\/digitalefqm.com\/wp-content\/uploads\/2023\/03\/Group-3587.jpg","link":"https:\/\/digitalefqm.com\/es\/assessbase-es\/group-3587-2\/","alt":"","author":"1","description":"","caption":"","name":"group-3587-2","status":"inherit","uploaded_to":840,"date":"2023-03-10 12:08:00","modified":"2023-03-30 13:33:29","menu_order":0,"mime_type":"image\/jpeg","type":"image","subtype":"jpeg","icon":"https:\/\/digitalefqm.com\/wp-includes\/images\/media\/default.png","width":412,"height":232,"sizes":{"thumbnail":"https:\/\/digitalefqm.com\/wp-content\/uploads\/2023\/03\/Group-3587-150x150.jpg","thumbnail-width":150,"thumbnail-height":150,"medium":"https:\/\/digitalefqm.com\/wp-content\/uploads\/2023\/03\/Group-3587-300x169.jpg","medium-width":300,"medium-height":169,"medium_large":"https:\/\/digitalefqm.com\/wp-content\/uploads\/2023\/03\/Group-3587.jpg","medium_large-width":412,"medium_large-height":232,"large":"https:\/\/digitalefqm.com\/wp-content\/uploads\/2023\/03\/Group-3587.jpg","large-width":412,"large-height":232,"1536x1536":"https:\/\/digitalefqm.com\/wp-content\/uploads\/2023\/03\/Group-3587.jpg","1536x1536-width":412,"1536x1536-height":232,"2048x2048":"https:\/\/digitalefqm.com\/wp-content\/uploads\/2023\/03\/Group-3587.jpg","2048x2048-width":412,"2048x2048-height":232}}},{"title":"\u00bfQUIERES M\u00c1S INFORMACI\u00d3N?","cta":{"title":"CONT\u00c1CTANOS","url":"https:\/\/efqm.org\/contact\/","target":"_blank"},"background":{"ID":169,"id":169,"title":"","filename":"Group-3587.jpg","filesize":30162,"url":"https:\/\/digitalefqm.com\/wp-content\/uploads\/2023\/03\/Group-3587.jpg","link":"https:\/\/digitalefqm.com\/es\/assessbase-es\/group-3587-2\/","alt":"","author":"1","description":"","caption":"","name":"group-3587-2","status":"inherit","uploaded_to":840,"date":"2023-03-10 12:08:00","modified":"2023-03-30 13:33:29","menu_order":0,"mime_type":"image\/jpeg","type":"image","subtype":"jpeg","icon":"https:\/\/digitalefqm.com\/wp-includes\/images\/media\/default.png","width":412,"height":232,"sizes":{"thumbnail":"https:\/\/digitalefqm.com\/wp-content\/uploads\/2023\/03\/Group-3587-150x150.jpg","thumbnail-width":150,"thumbnail-height":150,"medium":"https:\/\/digitalefqm.com\/wp-content\/uploads\/2023\/03\/Group-3587-300x169.jpg","medium-width":300,"medium-height":169,"medium_large":"https:\/\/digitalefqm.com\/wp-content\/uploads\/2023\/03\/Group-3587.jpg","medium_large-width":412,"medium_large-height":232,"large":"https:\/\/digitalefqm.com\/wp-content\/uploads\/2023\/03\/Group-3587.jpg","large-width":412,"large-height":232,"1536x1536":"https:\/\/digitalefqm.com\/wp-content\/uploads\/2023\/03\/Group-3587.jpg","1536x1536-width":412,"1536x1536-height":232,"2048x2048":"https:\/\/digitalefqm.com\/wp-content\/uploads\/2023\/03\/Group-3587.jpg","2048x2048-width":412,"2048x2048-height":232}}}]},{"acf_fc_layout":"text","content":"<p>Adem\u00e1s la Plataforma de Evaluaci\u00f3n EFQM Digital, facilita el acceso a otras herramientas de diagn\u00f3stico (en ingl\u00e9s) para ayudar a las organizaciones a profundizar en \u00e1reas espec\u00edficas de su gesti\u00f3n como, por ejemplo, innovaci\u00f3n, econom\u00eda circular, los Objetivos de Desarrollo Sostenible \u2013 ODS o NET ZERO \u2026<\/p>\n","image":false,"center_content":true,"content_color":"#048cd7","swap":false,"cta":null},{"acf_fc_layout":"lens_series","title":"EVALUACI\u00d3N DE LA SOSTENIBILIDAD","lens_series":[{"ID":578,"post_author":"1","post_date":"2023-03-09 12:23:44","post_date_gmt":"2023-03-09 12:23:44","post_content":"","post_title":"ECONOMIA CIRCULAR","post_excerpt":"","post_status":"publish","comment_status":"closed","ping_status":"closed","post_password":"","post_name":"circular-economy","to_ping":"","pinged":"","post_modified":"2025-01-15 15:33:46","post_modified_gmt":"2025-01-15 15:33:46","post_content_filtered":"","post_parent":0,"guid":"https:\/\/digitalefqm.com\/?post_type=lens&#038;p=578","menu_order":0,"post_type":"lens","post_mime_type":"","comment_count":"0","filter":"raw"},{"ID":592,"post_author":"1","post_date":"2023-03-09 14:03:20","post_date_gmt":"2023-03-09 14:03:20","post_content":"","post_title":"OBJETIVOS DE DESARROLLO SOSTENIBLE","post_excerpt":"","post_status":"publish","comment_status":"closed","ping_status":"closed","post_password":"","post_name":"un-sdgs","to_ping":"","pinged":"","post_modified":"2025-01-15 15:29:50","post_modified_gmt":"2025-01-15 15:29:50","post_content_filtered":"","post_parent":0,"guid":"https:\/\/digitalefqm.com\/?post_type=lens&#038;p=592","menu_order":0,"post_type":"lens","post_mime_type":"","comment_count":"0","filter":"raw"},{"ID":603,"post_author":"1","post_date":"2023-03-14 12:03:45","post_date_gmt":"2023-03-14 12:03:45","post_content":"","post_title":"Net zero","post_excerpt":"","post_status":"publish","comment_status":"closed","ping_status":"closed","post_password":"","post_name":"net-zero","to_ping":"","pinged":"","post_modified":"2025-01-15 15:24:26","post_modified_gmt":"2025-01-15 15:24:26","post_content_filtered":"","post_parent":0,"guid":"https:\/\/digitalefqm.com\/?post_type=lens&#038;p=603","menu_order":0,"post_type":"lens","post_mime_type":"","comment_count":"0","filter":"raw"},{"ID":1039,"post_author":"1","post_date":"2023-04-03 08:59:38","post_date_gmt":"2023-04-03 08:59:38","post_content":"","post_title":"Environmental Sustainability Lens","post_excerpt":"","post_status":"publish","comment_status":"closed","ping_status":"closed","post_password":"","post_name":"environmental-sustainability-lens","to_ping":"","pinged":"","post_modified":"2025-01-15 14:53:41","post_modified_gmt":"2025-01-15 14:53:41","post_content_filtered":"","post_parent":0,"guid":"https:\/\/digitalefqm.com\/?post_type=lens&#038;p=1039","menu_order":0,"post_type":"lens","post_mime_type":"","comment_count":"0","filter":"raw"}]},{"acf_fc_layout":"lens_series","title":"EVALUACI\u00d3N DE LA INNOVACI\u00d3N","lens_series":[{"ID":614,"post_author":"1","post_date":"2023-03-14 12:06:01","post_date_gmt":"2023-03-14 12:06:01","post_content":"","post_title":"INNOVACI\u00d3N","post_excerpt":"","post_status":"publish","comment_status":"closed","ping_status":"closed","post_password":"","post_name":"innovation","to_ping":"","pinged":"","post_modified":"2025-01-15 15:20:14","post_modified_gmt":"2025-01-15 15:20:14","post_content_filtered":"","post_parent":0,"guid":"https:\/\/digitalefqm.com\/?post_type=lens&#038;p=614","menu_order":0,"post_type":"lens","post_mime_type":"","comment_count":"0","filter":"raw"}]},{"acf_fc_layout":"lens_series","title":"EVALUACI\u00d3N DE LA GESTION DEL CAMBIO","lens_series":[{"ID":624,"post_author":"1","post_date":"2023-03-14 12:08:27","post_date_gmt":"2023-03-14 12:08:27","post_content":"","post_title":"DISRUPCION","post_excerpt":"","post_status":"publish","comment_status":"closed","ping_status":"closed","post_password":"","post_name":"disruption","to_ping":"","pinged":"","post_modified":"2025-01-15 15:16:18","post_modified_gmt":"2025-01-15 15:16:18","post_content_filtered":"","post_parent":0,"guid":"https:\/\/digitalefqm.com\/?post_type=lens&#038;p=624","menu_order":0,"post_type":"lens","post_mime_type":"","comment_count":"0","filter":"raw"}]},{"acf_fc_layout":"lens_series","title":"EVALUACI\u00d3N DEL CENTRO EDUCATIVO","lens_series":[{"ID":634,"post_author":"1","post_date":"2023-03-14 12:10:23","post_date_gmt":"2023-03-14 12:10:23","post_content":"","post_title":"EDUCACI\u00d3N","post_excerpt":"","post_status":"publish","comment_status":"closed","ping_status":"closed","post_password":"","post_name":"education","to_ping":"","pinged":"","post_modified":"2025-12-22 13:55:15","post_modified_gmt":"2025-12-22 13:55:15","post_content_filtered":"","post_parent":0,"guid":"https:\/\/digitalefqm.com\/?post_type=lens&#038;p=634","menu_order":0,"post_type":"lens","post_mime_type":"","comment_count":"0","filter":"raw"}]},{"acf_fc_layout":"banner","content":{"title":"\u00bfBusca una demostraci\u00f3n en vivo?","description":"\u00bfPor qu\u00e9 usted y su organizaci\u00f3n deber\u00edan utilizar AssessBase como su herramienta de gesti\u00f3n clave o la KnowledgeBase como su centro de recursos clave? Cont\u00e1ctenos para programar una demostraci\u00f3n en vivo o responder a sus preguntas.","cta":{"title":"Cont\u00e1ctenos","url":"https:\/\/efqm.org\/contact\/","target":"_blank"}},"author":{"position":"DIRECTORA GLOBAL DE SERVICIOS DIGITALES","name":"Vinciane Beauduin","avatar":{"ID":145,"id":145,"title":"","filename":"promo-vinciane-1.png","filesize":16443,"url":"https:\/\/digitalefqm.com\/wp-content\/uploads\/2023\/03\/promo-vinciane-1.png","link":"https:\/\/digitalefqm.com\/es\/assessbase-es\/promo-vinciane-1-2\/","alt":"","author":"1","description":"","caption":"","name":"promo-vinciane-1-2","status":"inherit","uploaded_to":840,"date":"2023-03-09 09:51:18","modified":"2023-03-30 13:33:29","menu_order":0,"mime_type":"image\/png","type":"image","subtype":"png","icon":"https:\/\/digitalefqm.com\/wp-includes\/images\/media\/default.png","width":224,"height":233,"sizes":{"thumbnail":"https:\/\/digitalefqm.com\/wp-content\/uploads\/2023\/03\/promo-vinciane-1-150x150.png","thumbnail-width":150,"thumbnail-height":150,"medium":"https:\/\/digitalefqm.com\/wp-content\/uploads\/2023\/03\/promo-vinciane-1.png","medium-width":224,"medium-height":233,"medium_large":"https:\/\/digitalefqm.com\/wp-content\/uploads\/2023\/03\/promo-vinciane-1.png","medium_large-width":224,"medium_large-height":233,"large":"https:\/\/digitalefqm.com\/wp-content\/uploads\/2023\/03\/promo-vinciane-1.png","large-width":224,"large-height":233,"1536x1536":"https:\/\/digitalefqm.com\/wp-content\/uploads\/2023\/03\/promo-vinciane-1.png","1536x1536-width":224,"1536x1536-height":233,"2048x2048":"https:\/\/digitalefqm.com\/wp-content\/uploads\/2023\/03\/promo-vinciane-1.png","2048x2048-width":224,"2048x2048-height":233}}},"full_width":true,"no_full_width":false}]},"yoast_head":"<!-- This site is optimized with the Yoast SEO plugin v27.3 - https:\/\/yoast.com\/product\/yoast-seo-wordpress\/ -->\n<title>Plataforma de evaluaci\u00f3n EFQM Digital - EFQM<\/title>\n<meta name=\"robots\" content=\"index, follow, max-snippet:-1, max-image-preview:large, max-video-preview:-1\" \/>\n<link rel=\"canonical\" href=\"https:\/\/digitalefqm.com\/es\/\" \/>\n<meta property=\"og:locale\" content=\"es_ES\" \/>\n<meta property=\"og:type\" content=\"article\" \/>\n<meta property=\"og:title\" content=\"Plataforma de evaluaci\u00f3n EFQM Digital - EFQM\" \/>\n<meta property=\"og:url\" content=\"https:\/\/digitalefqm.com\/es\/\" \/>\n<meta property=\"og:site_name\" content=\"EFQM\" \/>\n<meta property=\"article:modified_time\" content=\"2025-07-24T07:38:17+00:00\" \/>\n<meta name=\"twitter:card\" content=\"summary_large_image\" \/>\n<script type=\"application\/ld+json\" class=\"yoast-schema-graph\">{\"@context\":\"https:\\\/\\\/schema.org\",\"@graph\":[{\"@type\":\"WebPage\",\"@id\":\"https:\\\/\\\/digitalefqm.com\\\/es\\\/\",\"url\":\"https:\\\/\\\/digitalefqm.com\\\/es\\\/\",\"name\":\"Plataforma de evaluaci\u00f3n EFQM Digital - EFQM\",\"isPartOf\":{\"@id\":\"https:\\\/\\\/digitalefqm.com\\\/es\\\/#website\"},\"datePublished\":\"2023-03-09T08:57:21+00:00\",\"dateModified\":\"2025-07-24T07:38:17+00:00\",\"breadcrumb\":{\"@id\":\"https:\\\/\\\/digitalefqm.com\\\/es\\\/#breadcrumb\"},\"inLanguage\":\"es-ES\",\"potentialAction\":[{\"@type\":\"ReadAction\",\"target\":[\"https:\\\/\\\/digitalefqm.com\\\/es\\\/\"]}]},{\"@type\":\"BreadcrumbList\",\"@id\":\"https:\\\/\\\/digitalefqm.com\\\/es\\\/#breadcrumb\",\"itemListElement\":[{\"@type\":\"ListItem\",\"position\":1,\"name\":\"Home\",\"item\":\"https:\\\/\\\/digitalefqm.com\\\/es\\\/\"},{\"@type\":\"ListItem\",\"position\":2,\"name\":\"Plataforma de evaluaci\u00f3n EFQM Digital\"}]},{\"@type\":\"WebSite\",\"@id\":\"https:\\\/\\\/digitalefqm.com\\\/es\\\/#website\",\"url\":\"https:\\\/\\\/digitalefqm.com\\\/es\\\/\",\"name\":\"EFQM\",\"description\":\"EFQM Assess Base\",\"publisher\":{\"@id\":\"https:\\\/\\\/digitalefqm.com\\\/es\\\/#organization\"},\"potentialAction\":[{\"@type\":\"SearchAction\",\"target\":{\"@type\":\"EntryPoint\",\"urlTemplate\":\"https:\\\/\\\/digitalefqm.com\\\/es\\\/?s={search_term_string}\"},\"query-input\":{\"@type\":\"PropertyValueSpecification\",\"valueRequired\":true,\"valueName\":\"search_term_string\"}}],\"inLanguage\":\"es-ES\"},{\"@type\":\"Organization\",\"@id\":\"https:\\\/\\\/digitalefqm.com\\\/es\\\/#organization\",\"name\":\"EFQM\",\"url\":\"https:\\\/\\\/digitalefqm.com\\\/es\\\/\",\"logo\":{\"@type\":\"ImageObject\",\"inLanguage\":\"es-ES\",\"@id\":\"https:\\\/\\\/digitalefqm.com\\\/es\\\/#\\\/schema\\\/logo\\\/image\\\/\",\"url\":\"https:\\\/\\\/digitalefqm.com\\\/wp-content\\\/uploads\\\/2023\\\/04\\\/efqm-AB-logo-aligned-colour.png\",\"contentUrl\":\"https:\\\/\\\/digitalefqm.com\\\/wp-content\\\/uploads\\\/2023\\\/04\\\/efqm-AB-logo-aligned-colour.png\",\"width\":2282,\"height\":275,\"caption\":\"EFQM\"},\"image\":{\"@id\":\"https:\\\/\\\/digitalefqm.com\\\/es\\\/#\\\/schema\\\/logo\\\/image\\\/\"}}]}<\/script>\n<!-- \/ Yoast SEO plugin. -->","yoast_head_json":{"title":"Plataforma de evaluaci\u00f3n EFQM Digital - EFQM","robots":{"index":"index","follow":"follow","max-snippet":"max-snippet:-1","max-image-preview":"max-image-preview:large","max-video-preview":"max-video-preview:-1"},"canonical":"https:\/\/digitalefqm.com\/es\/","og_locale":"es_ES","og_type":"article","og_title":"Plataforma de evaluaci\u00f3n EFQM Digital - EFQM","og_url":"https:\/\/digitalefqm.com\/es\/","og_site_name":"EFQM","article_modified_time":"2025-07-24T07:38:17+00:00","twitter_card":"summary_large_image","schema":{"@context":"https:\/\/schema.org","@graph":[{"@type":"WebPage","@id":"https:\/\/digitalefqm.com\/es\/","url":"https:\/\/digitalefqm.com\/es\/","name":"Plataforma de evaluaci\u00f3n EFQM Digital - EFQM","isPartOf":{"@id":"https:\/\/digitalefqm.com\/es\/#website"},"datePublished":"2023-03-09T08:57:21+00:00","dateModified":"2025-07-24T07:38:17+00:00","breadcrumb":{"@id":"https:\/\/digitalefqm.com\/es\/#breadcrumb"},"inLanguage":"es-ES","potentialAction":[{"@type":"ReadAction","target":["https:\/\/digitalefqm.com\/es\/"]}]},{"@type":"BreadcrumbList","@id":"https:\/\/digitalefqm.com\/es\/#breadcrumb","itemListElement":[{"@type":"ListItem","position":1,"name":"Home","item":"https:\/\/digitalefqm.com\/es\/"},{"@type":"ListItem","position":2,"name":"Plataforma de evaluaci\u00f3n EFQM Digital"}]},{"@type":"WebSite","@id":"https:\/\/digitalefqm.com\/es\/#website","url":"https:\/\/digitalefqm.com\/es\/","name":"EFQM","description":"EFQM Assess Base","publisher":{"@id":"https:\/\/digitalefqm.com\/es\/#organization"},"potentialAction":[{"@type":"SearchAction","target":{"@type":"EntryPoint","urlTemplate":"https:\/\/digitalefqm.com\/es\/?s={search_term_string}"},"query-input":{"@type":"PropertyValueSpecification","valueRequired":true,"valueName":"search_term_string"}}],"inLanguage":"es-ES"},{"@type":"Organization","@id":"https:\/\/digitalefqm.com\/es\/#organization","name":"EFQM","url":"https:\/\/digitalefqm.com\/es\/","logo":{"@type":"ImageObject","inLanguage":"es-ES","@id":"https:\/\/digitalefqm.com\/es\/#\/schema\/logo\/image\/","url":"https:\/\/digitalefqm.com\/wp-content\/uploads\/2023\/04\/efqm-AB-logo-aligned-colour.png","contentUrl":"https:\/\/digitalefqm.com\/wp-content\/uploads\/2023\/04\/efqm-AB-logo-aligned-colour.png","width":2282,"height":275,"caption":"EFQM"},"image":{"@id":"https:\/\/digitalefqm.com\/es\/#\/schema\/logo\/image\/"}}]}},"_links":{"self":[{"href":"https:\/\/digitalefqm.com\/es\/wp-json\/wp\/v2\/pages\/840","targetHints":{"allow":["GET"]}}],"collection":[{"href":"https:\/\/digitalefqm.com\/es\/wp-json\/wp\/v2\/pages"}],"about":[{"href":"https:\/\/digitalefqm.com\/es\/wp-json\/wp\/v2\/types\/page"}],"author":[{"embeddable":true,"href":"https:\/\/digitalefqm.com\/es\/wp-json\/wp\/v2\/users\/1"}],"replies":[{"embeddable":true,"href":"https:\/\/digitalefqm.com\/es\/wp-json\/wp\/v2\/comments?post=840"}],"version-history":[{"count":21,"href":"https:\/\/digitalefqm.com\/es\/wp-json\/wp\/v2\/pages\/840\/revisions"}],"predecessor-version":[{"id":1617,"href":"https:\/\/digitalefqm.com\/es\/wp-json\/wp\/v2\/pages\/840\/revisions\/1617"}],"wp:attachment":[{"href":"https:\/\/digitalefqm.com\/es\/wp-json\/wp\/v2\/media?parent=840"}],"curies":[{"name":"wp","href":"https:\/\/api.w.org\/{rel}","templated":true}]}}