{"id":833,"date":"2023-03-09T08:57:21","date_gmt":"2023-03-09T08:57:21","guid":{"rendered":"https:\/\/digitalefqm.com\/?page_id=833"},"modified":"2025-01-10T08:26:56","modified_gmt":"2025-01-10T08:26:56","slug":"assessbase-fr","status":"publish","type":"page","link":"https:\/\/digitalefqm.com\/fr\/","title":{"rendered":"Assessbase FR"},"content":{"rendered":"","protected":false},"excerpt":{"rendered":"","protected":false},"author":1,"featured_media":0,"parent":0,"menu_order":0,"comment_status":"closed","ping_status":"closed","template":"","meta":{"_acf_changed":false,"footnotes":""},"class_list":["post-833","page","type-page","status-publish","hentry"],"acf":{"components":[{"acf_fc_layout":"hero","title":"Comparer, am\u00e9liorer puis creuser un peu...","headline":"G\u00e9rer la performance de votre entreprise","description":"","background":{"ID":140,"id":140,"title":"","filename":"assessbase-hero.webp","filesize":247058,"url":"https:\/\/digitalefqm.com\/wp-content\/uploads\/2023\/03\/assessbase-hero.webp","link":"https:\/\/digitalefqm.com\/fr\/assessbase-fr\/assessbase-hero-2\/","alt":"","author":"1","description":"","caption":"","name":"assessbase-hero-2","status":"inherit","uploaded_to":833,"date":"2023-03-09 09:02:38","modified":"2023-03-30 13:32:02","menu_order":0,"mime_type":"image\/webp","type":"image","subtype":"webp","icon":"https:\/\/digitalefqm.com\/wp-includes\/images\/media\/default.png","width":1920,"height":2219,"sizes":{"thumbnail":"https:\/\/digitalefqm.com\/wp-content\/uploads\/2023\/03\/assessbase-hero-150x150.webp","thumbnail-width":150,"thumbnail-height":150,"medium":"https:\/\/digitalefqm.com\/wp-content\/uploads\/2023\/03\/assessbase-hero-260x300.webp","medium-width":260,"medium-height":300,"medium_large":"https:\/\/digitalefqm.com\/wp-content\/uploads\/2023\/03\/assessbase-hero-768x888.webp","medium_large-width":640,"medium_large-height":740,"large":"https:\/\/digitalefqm.com\/wp-content\/uploads\/2023\/03\/assessbase-hero-886x1024.webp","large-width":640,"large-height":740,"1536x1536":"https:\/\/digitalefqm.com\/wp-content\/uploads\/2023\/03\/assessbase-hero-1329x1536.webp","1536x1536-width":1329,"1536x1536-height":1536,"2048x2048":"https:\/\/digitalefqm.com\/wp-content\/uploads\/2023\/03\/assessbase-hero-1772x2048.webp","2048x2048-width":1772,"2048x2048-height":2048}}},{"acf_fc_layout":"text","content":"<p>L\u2019AssessBase aide les entreprises \u00e0 mesurer, traquer et am\u00e9liorer sa performance dans ses domaines d\u2019int\u00e9r\u00eat.<\/p>\n<p>De start-ups cherchant \u00e0 g\u00e9n\u00e9rer une croissance rapide aux entreprises prosp\u00e8res confront\u00e9es \u00e0 une crise, ou aux multinationales d\u00e9sireuses d&#8217;adopter une culture de durabilit\u00e9, AssessBase peut aider.<\/p>\n","image":{"ID":146,"id":146,"title":"","filename":"assesbase-laptop-view.png","filesize":254812,"url":"https:\/\/digitalefqm.com\/wp-content\/uploads\/2023\/03\/assesbase-laptop-view.png","link":"https:\/\/digitalefqm.com\/fr\/assessbase-fr\/assesbase-laptop-view-2\/","alt":"","author":"1","description":"","caption":"","name":"assesbase-laptop-view-2","status":"inherit","uploaded_to":833,"date":"2023-03-09 11:53:28","modified":"2023-07-27 08:22:05","menu_order":0,"mime_type":"image\/png","type":"image","subtype":"png","icon":"https:\/\/digitalefqm.com\/wp-includes\/images\/media\/default.png","width":1280,"height":644,"sizes":{"thumbnail":"https:\/\/digitalefqm.com\/wp-content\/uploads\/2023\/03\/assesbase-laptop-view-150x150.png","thumbnail-width":150,"thumbnail-height":150,"medium":"https:\/\/digitalefqm.com\/wp-content\/uploads\/2023\/03\/assesbase-laptop-view-300x151.png","medium-width":300,"medium-height":151,"medium_large":"https:\/\/digitalefqm.com\/wp-content\/uploads\/2023\/03\/assesbase-laptop-view-768x386.png","medium_large-width":640,"medium_large-height":322,"large":"https:\/\/digitalefqm.com\/wp-content\/uploads\/2023\/03\/assesbase-laptop-view-1024x515.png","large-width":640,"large-height":322,"1536x1536":"https:\/\/digitalefqm.com\/wp-content\/uploads\/2023\/03\/assesbase-laptop-view.png","1536x1536-width":1280,"1536x1536-height":644,"2048x2048":"https:\/\/digitalefqm.com\/wp-content\/uploads\/2023\/03\/assesbase-laptop-view.png","2048x2048-width":1280,"2048x2048-height":644}},"center_content":false,"content_color":"#048cd7","swap":false,"cta":null},{"acf_fc_layout":"boxes","title":"Votre diagnostic avec le Mod\u00e8le EFQM 2025","grid":[{"grid_item":{"image":{"ID":161,"id":161,"title":"","filename":"Group-3585.jpg","filesize":30589,"url":"https:\/\/digitalefqm.com\/wp-content\/uploads\/2023\/03\/Group-3585.jpg","link":"https:\/\/digitalefqm.com\/fr\/assessbase-fr\/group-3585-2\/","alt":"","author":"1","description":"","caption":"","name":"group-3585-2","status":"inherit","uploaded_to":833,"date":"2023-03-10 12:05:51","modified":"2023-04-25 07:54:17","menu_order":0,"mime_type":"image\/jpeg","type":"image","subtype":"jpeg","icon":"https:\/\/digitalefqm.com\/wp-includes\/images\/media\/default.png","width":412,"height":232,"sizes":{"thumbnail":"https:\/\/digitalefqm.com\/wp-content\/uploads\/2023\/03\/Group-3585-150x150.jpg","thumbnail-width":150,"thumbnail-height":150,"medium":"https:\/\/digitalefqm.com\/wp-content\/uploads\/2023\/03\/Group-3585-300x169.jpg","medium-width":300,"medium-height":169,"medium_large":"https:\/\/digitalefqm.com\/wp-content\/uploads\/2023\/03\/Group-3585.jpg","medium_large-width":412,"medium_large-height":232,"large":"https:\/\/digitalefqm.com\/wp-content\/uploads\/2023\/03\/Group-3585.jpg","large-width":412,"large-height":232,"1536x1536":"https:\/\/digitalefqm.com\/wp-content\/uploads\/2023\/03\/Group-3585.jpg","1536x1536-width":412,"1536x1536-height":232,"2048x2048":"https:\/\/digitalefqm.com\/wp-content\/uploads\/2023\/03\/Group-3585.jpg","2048x2048-width":412,"2048x2048-height":232}},"title":"Diagnostic rapide 2025","copy":"Une \u00e9valuation \u00ab light touch \u00bb, \u00e0 l'aide d'un simple questionnaire, pour aider les organisations \u00ab curieuses\/moins matures \u00bb \u00e0 identifier leur position actuelle et \u00e0 d\u00e9terminer les opportunit\u00e9s d'am\u00e9lioration potentielles.","cta":{"title":"En savoir plus","url":"https:\/\/digitalefqm.com\/find-out-more-questionnaire\/","target":"_blank"},"cta_1":{"title":"Start a Questionnaire","url":"https:\/\/assessbase-v2.digitalefqm.com\/assessment\/qa-rapid-organisation-diagnostic-2025","target":""}}},{"grid_item":{"image":{"ID":164,"id":164,"title":"","filename":"Group-3586.jpg","filesize":28556,"url":"https:\/\/digitalefqm.com\/wp-content\/uploads\/2023\/03\/Group-3586.jpg","link":"https:\/\/digitalefqm.com\/fr\/assessbase-fr\/group-3586-2\/","alt":"","author":"1","description":"","caption":"","name":"group-3586-2","status":"inherit","uploaded_to":833,"date":"2023-03-10 12:06:51","modified":"2023-03-30 13:32:02","menu_order":0,"mime_type":"image\/jpeg","type":"image","subtype":"jpeg","icon":"https:\/\/digitalefqm.com\/wp-includes\/images\/media\/default.png","width":412,"height":232,"sizes":{"thumbnail":"https:\/\/digitalefqm.com\/wp-content\/uploads\/2023\/03\/Group-3586-150x150.jpg","thumbnail-width":150,"thumbnail-height":150,"medium":"https:\/\/digitalefqm.com\/wp-content\/uploads\/2023\/03\/Group-3586-300x169.jpg","medium-width":300,"medium-height":169,"medium_large":"https:\/\/digitalefqm.com\/wp-content\/uploads\/2023\/03\/Group-3586.jpg","medium_large-width":412,"medium_large-height":232,"large":"https:\/\/digitalefqm.com\/wp-content\/uploads\/2023\/03\/Group-3586.jpg","large-width":412,"large-height":232,"1536x1536":"https:\/\/digitalefqm.com\/wp-content\/uploads\/2023\/03\/Group-3586.jpg","1536x1536-width":412,"1536x1536-height":232,"2048x2048":"https:\/\/digitalefqm.com\/wp-content\/uploads\/2023\/03\/Group-3586.jpg","2048x2048-width":412,"2048x2048-height":232}},"title":"Diagnostic 2025","copy":"Cet outil propose une \u00e9valuation plus rigoureuse bas\u00e9e sur les crit\u00e8res du Mod\u00e8le EFQM et fournit un score sur les \u00e9l\u00e9ments RADAR. Par cet outil, les organisations peuvent g\u00e9n\u00e9rer une compr\u00e9hension plus d\u00e9taill\u00e9e de leur performance.","cta":{"title":"En savoir plus","url":"https:\/\/digitalefqm.com\/find-out-more-bm\/","target":"_blank"},"cta_1":{"title":"Start a Business Matrix","url":"https:\/\/assessbase-v2.digitalefqm.com\/assessment\/organisation-diagnostic-2025","target":""}}},{"grid_item":{"image":{"ID":167,"id":167,"title":"","filename":"Group-3587.jpg","filesize":30162,"url":"https:\/\/digitalefqm.com\/wp-content\/uploads\/2023\/03\/Group-3587.jpg","link":"https:\/\/digitalefqm.com\/fr\/assessbase-fr\/group-3587-2\/","alt":"","author":"1","description":"","caption":"","name":"group-3587-2","status":"inherit","uploaded_to":833,"date":"2023-03-10 12:08:00","modified":"2023-03-30 13:32:02","menu_order":0,"mime_type":"image\/jpeg","type":"image","subtype":"jpeg","icon":"https:\/\/digitalefqm.com\/wp-includes\/images\/media\/default.png","width":412,"height":232,"sizes":{"thumbnail":"https:\/\/digitalefqm.com\/wp-content\/uploads\/2023\/03\/Group-3587-150x150.jpg","thumbnail-width":150,"thumbnail-height":150,"medium":"https:\/\/digitalefqm.com\/wp-content\/uploads\/2023\/03\/Group-3587-300x169.jpg","medium-width":300,"medium-height":169,"medium_large":"https:\/\/digitalefqm.com\/wp-content\/uploads\/2023\/03\/Group-3587.jpg","medium_large-width":412,"medium_large-height":232,"large":"https:\/\/digitalefqm.com\/wp-content\/uploads\/2023\/03\/Group-3587.jpg","large-width":412,"large-height":232,"1536x1536":"https:\/\/digitalefqm.com\/wp-content\/uploads\/2023\/03\/Group-3587.jpg","1536x1536-width":412,"1536x1536-height":232,"2048x2048":"https:\/\/digitalefqm.com\/wp-content\/uploads\/2023\/03\/Group-3587.jpg","2048x2048-width":412,"2048x2048-height":232}},"title":"Diagnostic avanc\u00e9 2025","copy":"Cet outil fournit une \u00e9valuation compl\u00e8te par rapport \u00e0 toutes les parties de crit\u00e8re du mod\u00e8le EFQM, les points de guidage associ\u00e9s et le score sur l'ensemble des attributs RADAR. \u00c0 l'aide de cet outil, les organisations peuvent g\u00e9n\u00e9rer une base de r\u00e9f\u00e9rence d\u00e9taill\u00e9e sur leurs performances et identifier o\u00f9 elles excellent actuellement et o\u00f9 il existe des opportunit\u00e9s d'am\u00e9lioration.","cta":{"title":"En savoir plus","url":"https:\/\/digitalefqm.com\/find-out-more-bma\/","target":"_blank"},"cta_1":{"title":"Start a Business Matrix Advanced","url":"https:\/\/assessbase-v2.digitalefqm.com\/assessment\/advanced-organisation-diagnostic-2025","target":""}}}]},{"acf_fc_layout":"banner","content":{"title":"","description":"","cta":null},"author":{"position":"","name":"","avatar":false},"full_width":false,"no_full_width":[{"title":"TESTEZ LE QUESTIONNAIRE GRATUIT","cta":{"title":"Click here","url":"https:\/\/assessbase-v2.digitalefqm.com\/assessment\/rapid-organisation-diagnostic-2025\/","target":"_blank"},"background":{"ID":167,"id":167,"title":"","filename":"Group-3587.jpg","filesize":30162,"url":"https:\/\/digitalefqm.com\/wp-content\/uploads\/2023\/03\/Group-3587.jpg","link":"https:\/\/digitalefqm.com\/fr\/assessbase-fr\/group-3587-2\/","alt":"","author":"1","description":"","caption":"","name":"group-3587-2","status":"inherit","uploaded_to":833,"date":"2023-03-10 12:08:00","modified":"2023-03-30 13:32:02","menu_order":0,"mime_type":"image\/jpeg","type":"image","subtype":"jpeg","icon":"https:\/\/digitalefqm.com\/wp-includes\/images\/media\/default.png","width":412,"height":232,"sizes":{"thumbnail":"https:\/\/digitalefqm.com\/wp-content\/uploads\/2023\/03\/Group-3587-150x150.jpg","thumbnail-width":150,"thumbnail-height":150,"medium":"https:\/\/digitalefqm.com\/wp-content\/uploads\/2023\/03\/Group-3587-300x169.jpg","medium-width":300,"medium-height":169,"medium_large":"https:\/\/digitalefqm.com\/wp-content\/uploads\/2023\/03\/Group-3587.jpg","medium_large-width":412,"medium_large-height":232,"large":"https:\/\/digitalefqm.com\/wp-content\/uploads\/2023\/03\/Group-3587.jpg","large-width":412,"large-height":232,"1536x1536":"https:\/\/digitalefqm.com\/wp-content\/uploads\/2023\/03\/Group-3587.jpg","1536x1536-width":412,"1536x1536-height":232,"2048x2048":"https:\/\/digitalefqm.com\/wp-content\/uploads\/2023\/03\/Group-3587.jpg","2048x2048-width":412,"2048x2048-height":232}}},{"title":"RESERVEZ VOTRE DEMO","cta":{"title":"Contact Us","url":"https:\/\/efqm.org\/contact\/","target":"_blank"},"background":{"ID":167,"id":167,"title":"","filename":"Group-3587.jpg","filesize":30162,"url":"https:\/\/digitalefqm.com\/wp-content\/uploads\/2023\/03\/Group-3587.jpg","link":"https:\/\/digitalefqm.com\/fr\/assessbase-fr\/group-3587-2\/","alt":"","author":"1","description":"","caption":"","name":"group-3587-2","status":"inherit","uploaded_to":833,"date":"2023-03-10 12:08:00","modified":"2023-03-30 13:32:02","menu_order":0,"mime_type":"image\/jpeg","type":"image","subtype":"jpeg","icon":"https:\/\/digitalefqm.com\/wp-includes\/images\/media\/default.png","width":412,"height":232,"sizes":{"thumbnail":"https:\/\/digitalefqm.com\/wp-content\/uploads\/2023\/03\/Group-3587-150x150.jpg","thumbnail-width":150,"thumbnail-height":150,"medium":"https:\/\/digitalefqm.com\/wp-content\/uploads\/2023\/03\/Group-3587-300x169.jpg","medium-width":300,"medium-height":169,"medium_large":"https:\/\/digitalefqm.com\/wp-content\/uploads\/2023\/03\/Group-3587.jpg","medium_large-width":412,"medium_large-height":232,"large":"https:\/\/digitalefqm.com\/wp-content\/uploads\/2023\/03\/Group-3587.jpg","large-width":412,"large-height":232,"1536x1536":"https:\/\/digitalefqm.com\/wp-content\/uploads\/2023\/03\/Group-3587.jpg","1536x1536-width":412,"1536x1536-height":232,"2048x2048":"https:\/\/digitalefqm.com\/wp-content\/uploads\/2023\/03\/Group-3587.jpg","2048x2048-width":412,"2048x2048-height":232}}}]},{"acf_fc_layout":"text","content":"<p>Des outils de diagnostic aussi sur l\u2019Innovation, l\u2019Economie Circulaire, les ODD des Nations Unies, le Net Zero, la gestion du changement&#8230;<\/p>\n","image":false,"center_content":true,"content_color":"#048cd7","swap":false,"cta":null},{"acf_fc_layout":"lens_series","title":"Votre diagnostic sur le d\u00e9veloppement durable","lens_series":[{"ID":573,"post_author":"1","post_date":"2023-03-09 12:23:44","post_date_gmt":"2023-03-09 12:23:44","post_content":"","post_title":"Circular Economy","post_excerpt":"","post_status":"publish","comment_status":"closed","ping_status":"closed","post_password":"","post_name":"circular-economy","to_ping":"","pinged":"","post_modified":"2025-01-15 15:33:10","post_modified_gmt":"2025-01-15 15:33:10","post_content_filtered":"","post_parent":0,"guid":"https:\/\/digitalefqm.com\/?post_type=lens&#038;p=573","menu_order":0,"post_type":"lens","post_mime_type":"","comment_count":"0","filter":"raw"},{"ID":588,"post_author":"1","post_date":"2023-03-09 14:03:20","post_date_gmt":"2023-03-09 14:03:20","post_content":"","post_title":"ONU-ODD","post_excerpt":"","post_status":"publish","comment_status":"closed","ping_status":"closed","post_password":"","post_name":"onu-odd","to_ping":"","pinged":"","post_modified":"2025-01-15 15:29:10","post_modified_gmt":"2025-01-15 15:29:10","post_content_filtered":"","post_parent":0,"guid":"https:\/\/digitalefqm.com\/?post_type=lens&#038;p=588","menu_order":0,"post_type":"lens","post_mime_type":"","comment_count":"0","filter":"raw"},{"ID":598,"post_author":"1","post_date":"2023-03-14 12:03:45","post_date_gmt":"2023-03-14 12:03:45","post_content":"","post_title":"Net Z\u00e9ro","post_excerpt":"","post_status":"publish","comment_status":"closed","ping_status":"closed","post_password":"","post_name":"net-zero","to_ping":"","pinged":"","post_modified":"2025-01-15 15:23:51","post_modified_gmt":"2025-01-15 15:23:51","post_content_filtered":"","post_parent":0,"guid":"https:\/\/digitalefqm.com\/?post_type=lens&#038;p=598","menu_order":0,"post_type":"lens","post_mime_type":"","comment_count":"0","filter":"raw"},{"ID":1040,"post_author":"1","post_date":"2023-04-03 08:59:38","post_date_gmt":"2023-04-03 08:59:38","post_content":"","post_title":"Environmental Sustainability Lens","post_excerpt":"","post_status":"publish","comment_status":"closed","ping_status":"closed","post_password":"","post_name":"environmental-sustainability-lens","to_ping":"","pinged":"","post_modified":"2025-01-15 14:53:08","post_modified_gmt":"2025-01-15 14:53:08","post_content_filtered":"","post_parent":0,"guid":"https:\/\/digitalefqm.com\/?post_type=lens&#038;p=1040","menu_order":0,"post_type":"lens","post_mime_type":"","comment_count":"0","filter":"raw"}]},{"acf_fc_layout":"lens_series","title":"Votre diagnostic sur l'innovation","lens_series":[{"ID":610,"post_author":"1","post_date":"2023-03-14 12:06:01","post_date_gmt":"2023-03-14 12:06:01","post_content":"","post_title":"Innovation","post_excerpt":"","post_status":"publish","comment_status":"closed","ping_status":"closed","post_password":"","post_name":"innovation","to_ping":"","pinged":"","post_modified":"2025-01-15 15:19:26","post_modified_gmt":"2025-01-15 15:19:26","post_content_filtered":"","post_parent":0,"guid":"https:\/\/digitalefqm.com\/?post_type=lens&#038;p=610","menu_order":0,"post_type":"lens","post_mime_type":"","comment_count":"0","filter":"raw"}]},{"acf_fc_layout":"lens_series","title":"Votre diagnostic sur la gestion du changement","lens_series":[{"ID":620,"post_author":"1","post_date":"2023-03-14 12:08:27","post_date_gmt":"2023-03-14 12:08:27","post_content":"","post_title":"Disruption","post_excerpt":"","post_status":"publish","comment_status":"closed","ping_status":"closed","post_password":"","post_name":"disruption","to_ping":"","pinged":"","post_modified":"2025-01-15 15:15:45","post_modified_gmt":"2025-01-15 15:15:45","post_content_filtered":"","post_parent":0,"guid":"https:\/\/digitalefqm.com\/?post_type=lens&#038;p=620","menu_order":0,"post_type":"lens","post_mime_type":"","comment_count":"0","filter":"raw"}]},{"acf_fc_layout":"lens_series","title":"Diagnostic pour une \u00e9cole","lens_series":[{"ID":630,"post_author":"1","post_date":"2023-03-14 12:10:23","post_date_gmt":"2023-03-14 12:10:23","post_content":"","post_title":"Education","post_excerpt":"","post_status":"publish","comment_status":"closed","ping_status":"closed","post_password":"","post_name":"education","to_ping":"","pinged":"","post_modified":"2025-12-22 13:54:31","post_modified_gmt":"2025-12-22 13:54:31","post_content_filtered":"","post_parent":0,"guid":"https:\/\/digitalefqm.com\/?post_type=lens&#038;p=630","menu_order":0,"post_type":"lens","post_mime_type":"","comment_count":"0","filter":"raw"}]},{"acf_fc_layout":"banner","content":{"title":"Contactez-nous pour r\u00e9server votre d\u00e9mo","description":"Laissez-nous vous montrer la puissance de l'AssessBase et de ses donn\u00e9es et informations.  R\u00e9servez votre d\u00e9mo aujourd'hui.","cta":{"title":"Contact Us","url":"https:\/\/efqm.org\/contact\/","target":"_blank"}},"author":{"position":"GLOBAL HEAD OF DIGITAL SERVICES","name":"Vinciane Beauduin","avatar":{"ID":143,"id":143,"title":"","filename":"promo-vinciane-1.png","filesize":16443,"url":"https:\/\/digitalefqm.com\/wp-content\/uploads\/2023\/03\/promo-vinciane-1.png","link":"https:\/\/digitalefqm.com\/fr\/assessbase-fr\/promo-vinciane-1-2\/","alt":"","author":"1","description":"","caption":"","name":"promo-vinciane-1-2","status":"inherit","uploaded_to":833,"date":"2023-03-09 09:51:18","modified":"2023-03-30 13:32:03","menu_order":0,"mime_type":"image\/png","type":"image","subtype":"png","icon":"https:\/\/digitalefqm.com\/wp-includes\/images\/media\/default.png","width":224,"height":233,"sizes":{"thumbnail":"https:\/\/digitalefqm.com\/wp-content\/uploads\/2023\/03\/promo-vinciane-1-150x150.png","thumbnail-width":150,"thumbnail-height":150,"medium":"https:\/\/digitalefqm.com\/wp-content\/uploads\/2023\/03\/promo-vinciane-1.png","medium-width":224,"medium-height":233,"medium_large":"https:\/\/digitalefqm.com\/wp-content\/uploads\/2023\/03\/promo-vinciane-1.png","medium_large-width":224,"medium_large-height":233,"large":"https:\/\/digitalefqm.com\/wp-content\/uploads\/2023\/03\/promo-vinciane-1.png","large-width":224,"large-height":233,"1536x1536":"https:\/\/digitalefqm.com\/wp-content\/uploads\/2023\/03\/promo-vinciane-1.png","1536x1536-width":224,"1536x1536-height":233,"2048x2048":"https:\/\/digitalefqm.com\/wp-content\/uploads\/2023\/03\/promo-vinciane-1.png","2048x2048-width":224,"2048x2048-height":233}}},"full_width":true,"no_full_width":false}]},"yoast_head":"<!-- This site is optimized with the Yoast SEO plugin v27.3 - https:\/\/yoast.com\/product\/yoast-seo-wordpress\/ -->\n<title>Assessbase FR - EFQM<\/title>\n<meta name=\"robots\" content=\"index, follow, max-snippet:-1, max-image-preview:large, max-video-preview:-1\" \/>\n<link rel=\"canonical\" href=\"https:\/\/digitalefqm.com\/fr\/\" \/>\n<meta property=\"og:locale\" content=\"fr_FR\" \/>\n<meta property=\"og:type\" content=\"article\" \/>\n<meta property=\"og:title\" content=\"Assessbase FR - EFQM\" \/>\n<meta property=\"og:url\" content=\"https:\/\/digitalefqm.com\/fr\/\" \/>\n<meta property=\"og:site_name\" content=\"EFQM\" \/>\n<meta property=\"article:modified_time\" content=\"2025-01-10T08:26:56+00:00\" \/>\n<meta name=\"twitter:card\" content=\"summary_large_image\" \/>\n<script type=\"application\/ld+json\" class=\"yoast-schema-graph\">{\"@context\":\"https:\\\/\\\/schema.org\",\"@graph\":[{\"@type\":\"WebPage\",\"@id\":\"https:\\\/\\\/digitalefqm.com\\\/fr\\\/\",\"url\":\"https:\\\/\\\/digitalefqm.com\\\/fr\\\/\",\"name\":\"Assessbase FR - EFQM\",\"isPartOf\":{\"@id\":\"https:\\\/\\\/digitalefqm.com\\\/fr\\\/#website\"},\"datePublished\":\"2023-03-09T08:57:21+00:00\",\"dateModified\":\"2025-01-10T08:26:56+00:00\",\"breadcrumb\":{\"@id\":\"https:\\\/\\\/digitalefqm.com\\\/fr\\\/#breadcrumb\"},\"inLanguage\":\"fr-FR\",\"potentialAction\":[{\"@type\":\"ReadAction\",\"target\":[\"https:\\\/\\\/digitalefqm.com\\\/fr\\\/\"]}]},{\"@type\":\"BreadcrumbList\",\"@id\":\"https:\\\/\\\/digitalefqm.com\\\/fr\\\/#breadcrumb\",\"itemListElement\":[{\"@type\":\"ListItem\",\"position\":1,\"name\":\"Home\",\"item\":\"https:\\\/\\\/digitalefqm.com\\\/fr\\\/\"},{\"@type\":\"ListItem\",\"position\":2,\"name\":\"Assessbase FR\"}]},{\"@type\":\"WebSite\",\"@id\":\"https:\\\/\\\/digitalefqm.com\\\/fr\\\/#website\",\"url\":\"https:\\\/\\\/digitalefqm.com\\\/fr\\\/\",\"name\":\"EFQM\",\"description\":\"EFQM Assess Base\",\"publisher\":{\"@id\":\"https:\\\/\\\/digitalefqm.com\\\/fr\\\/#organization\"},\"potentialAction\":[{\"@type\":\"SearchAction\",\"target\":{\"@type\":\"EntryPoint\",\"urlTemplate\":\"https:\\\/\\\/digitalefqm.com\\\/fr\\\/?s={search_term_string}\"},\"query-input\":{\"@type\":\"PropertyValueSpecification\",\"valueRequired\":true,\"valueName\":\"search_term_string\"}}],\"inLanguage\":\"fr-FR\"},{\"@type\":\"Organization\",\"@id\":\"https:\\\/\\\/digitalefqm.com\\\/fr\\\/#organization\",\"name\":\"EFQM\",\"url\":\"https:\\\/\\\/digitalefqm.com\\\/fr\\\/\",\"logo\":{\"@type\":\"ImageObject\",\"inLanguage\":\"fr-FR\",\"@id\":\"https:\\\/\\\/digitalefqm.com\\\/fr\\\/#\\\/schema\\\/logo\\\/image\\\/\",\"url\":\"https:\\\/\\\/digitalefqm.com\\\/wp-content\\\/uploads\\\/2023\\\/04\\\/efqm-AB-logo-aligned-colour.png\",\"contentUrl\":\"https:\\\/\\\/digitalefqm.com\\\/wp-content\\\/uploads\\\/2023\\\/04\\\/efqm-AB-logo-aligned-colour.png\",\"width\":2282,\"height\":275,\"caption\":\"EFQM\"},\"image\":{\"@id\":\"https:\\\/\\\/digitalefqm.com\\\/fr\\\/#\\\/schema\\\/logo\\\/image\\\/\"}}]}<\/script>\n<!-- \/ Yoast SEO plugin. -->","yoast_head_json":{"title":"Assessbase FR - EFQM","robots":{"index":"index","follow":"follow","max-snippet":"max-snippet:-1","max-image-preview":"max-image-preview:large","max-video-preview":"max-video-preview:-1"},"canonical":"https:\/\/digitalefqm.com\/fr\/","og_locale":"fr_FR","og_type":"article","og_title":"Assessbase FR - EFQM","og_url":"https:\/\/digitalefqm.com\/fr\/","og_site_name":"EFQM","article_modified_time":"2025-01-10T08:26:56+00:00","twitter_card":"summary_large_image","schema":{"@context":"https:\/\/schema.org","@graph":[{"@type":"WebPage","@id":"https:\/\/digitalefqm.com\/fr\/","url":"https:\/\/digitalefqm.com\/fr\/","name":"Assessbase FR - EFQM","isPartOf":{"@id":"https:\/\/digitalefqm.com\/fr\/#website"},"datePublished":"2023-03-09T08:57:21+00:00","dateModified":"2025-01-10T08:26:56+00:00","breadcrumb":{"@id":"https:\/\/digitalefqm.com\/fr\/#breadcrumb"},"inLanguage":"fr-FR","potentialAction":[{"@type":"ReadAction","target":["https:\/\/digitalefqm.com\/fr\/"]}]},{"@type":"BreadcrumbList","@id":"https:\/\/digitalefqm.com\/fr\/#breadcrumb","itemListElement":[{"@type":"ListItem","position":1,"name":"Home","item":"https:\/\/digitalefqm.com\/fr\/"},{"@type":"ListItem","position":2,"name":"Assessbase FR"}]},{"@type":"WebSite","@id":"https:\/\/digitalefqm.com\/fr\/#website","url":"https:\/\/digitalefqm.com\/fr\/","name":"EFQM","description":"EFQM Assess Base","publisher":{"@id":"https:\/\/digitalefqm.com\/fr\/#organization"},"potentialAction":[{"@type":"SearchAction","target":{"@type":"EntryPoint","urlTemplate":"https:\/\/digitalefqm.com\/fr\/?s={search_term_string}"},"query-input":{"@type":"PropertyValueSpecification","valueRequired":true,"valueName":"search_term_string"}}],"inLanguage":"fr-FR"},{"@type":"Organization","@id":"https:\/\/digitalefqm.com\/fr\/#organization","name":"EFQM","url":"https:\/\/digitalefqm.com\/fr\/","logo":{"@type":"ImageObject","inLanguage":"fr-FR","@id":"https:\/\/digitalefqm.com\/fr\/#\/schema\/logo\/image\/","url":"https:\/\/digitalefqm.com\/wp-content\/uploads\/2023\/04\/efqm-AB-logo-aligned-colour.png","contentUrl":"https:\/\/digitalefqm.com\/wp-content\/uploads\/2023\/04\/efqm-AB-logo-aligned-colour.png","width":2282,"height":275,"caption":"EFQM"},"image":{"@id":"https:\/\/digitalefqm.com\/fr\/#\/schema\/logo\/image\/"}}]}},"_links":{"self":[{"href":"https:\/\/digitalefqm.com\/fr\/wp-json\/wp\/v2\/pages\/833","targetHints":{"allow":["GET"]}}],"collection":[{"href":"https:\/\/digitalefqm.com\/fr\/wp-json\/wp\/v2\/pages"}],"about":[{"href":"https:\/\/digitalefqm.com\/fr\/wp-json\/wp\/v2\/types\/page"}],"author":[{"embeddable":true,"href":"https:\/\/digitalefqm.com\/fr\/wp-json\/wp\/v2\/users\/1"}],"replies":[{"embeddable":true,"href":"https:\/\/digitalefqm.com\/fr\/wp-json\/wp\/v2\/comments?post=833"}],"version-history":[{"count":11,"href":"https:\/\/digitalefqm.com\/fr\/wp-json\/wp\/v2\/pages\/833\/revisions"}],"predecessor-version":[{"id":1598,"href":"https:\/\/digitalefqm.com\/fr\/wp-json\/wp\/v2\/pages\/833\/revisions\/1598"}],"wp:attachment":[{"href":"https:\/\/digitalefqm.com\/fr\/wp-json\/wp\/v2\/media?parent=833"}],"curies":[{"name":"wp","href":"https:\/\/api.w.org\/{rel}","templated":true}]}}